{"id":450,"date":"2019-07-18T10:45:10","date_gmt":"2019-07-18T08:45:10","guid":{"rendered":"https:\/\/pysamedioambiente.com\/?page_id=450"},"modified":"2019-08-01T13:57:52","modified_gmt":"2019-08-01T11:57:52","slug":"privacidad","status":"publish","type":"page","link":"https:\/\/pysamedioambiente.com\/fr\/privacidad\/","title":{"rendered":"Protection de vos donn\u00e9es personnelles"},"content":{"rendered":"<div id=\"pl-450\"  class=\"panel-layout\" ><div id=\"pg-450-0\"  class=\"panel-grid panel-no-style\" ><div id=\"pgc-450-0-0\"  class=\"panel-grid-cell\" ><div id=\"panel-450-0-0-0\" class=\"so-panel widget widget_text panel-first-child\" data-index=\"0\" >\t\t\t<div class=\"textwidget\"><p>&nbsp;<\/p>\n<p>Conform\u00e9ment aux principes de l\u00e9galit\u00e9, de loyaut\u00e9 et de transparence, nous mettons cette politique de confidentialit\u00e9 \u00e0 votre disposition.<\/p>\n<\/div>\n\t\t<\/div><div id=\"panel-450-0-0-1\" class=\"so-panel widget widget_text\" data-index=\"1\" ><h3 class=\"widget-title\">Qui est responsable du traitement de vos donn\u00e9es?<\/h3>\t\t\t<div class=\"textwidget\"><p>&nbsp;<\/p>\n<table>\n<tbody>\n<tr>\n<td width=\"140\"><strong>RESPONSABLE<\/strong><\/td>\n<td width=\"437\"><strong>Pysa Medioambiente S.C.L.<\/strong><\/td>\n<td width=\"437\"><\/td>\n<\/tr>\n<tr>\n<td width=\"140\"><strong>NIF<\/strong><\/td>\n<td width=\"437\"><strong>F81527582<\/strong><\/td>\n<td width=\"437\"><\/td>\n<\/tr>\n<tr>\n<td width=\"140\"><strong>SI\u00c9GE SOCIAL<\/strong><\/td>\n<td width=\"437\"><strong>C\/ Benita Avila 38, 28043 Madrid<\/strong><\/td>\n<td width=\"437\"><\/td>\n<\/tr>\n<tr>\n<td width=\"140\"><strong>CONTACT<\/strong><\/td>\n<td width=\"85\">Email<\/td>\n<td width=\"352\"><a href=\"mailto:privacidadpysa@gmail.com\"><strong>privacidadpysa@gmail.com<\/strong><\/a><\/td>\n<\/tr>\n<tr>\n<td width=\"140\"><\/td>\n<td width=\"85\">Num\u00e9ro de t\u00e9l\u00e9phone<\/td>\n<td width=\"352\"><strong>913004258<\/strong><\/td>\n<\/tr>\n<\/tbody>\n<\/table>\n<p>&nbsp;<\/p>\n<\/div>\n\t\t<\/div><div id=\"panel-450-0-0-2\" class=\"so-panel widget widget_text\" data-index=\"2\" ><h3 class=\"widget-title\">Dans quel but traitons-nous vos donn\u00e9es personnelles?<\/h3>\t\t\t<div class=\"textwidget\"><\/div>\n\t\t<\/div><div id=\"panel-450-0-0-3\" class=\"so-panel widget widget_text\" data-index=\"3\" ><h3 class=\"widget-title\">Qu&rsquo;est-ce que la l\u00e9gitimit\u00e9 du traitement de vos donn\u00e9es?<\/h3>\t\t\t<div class=\"textwidget\"><p>&nbsp;<\/p>\n<p>La base l\u00e9gale pour le traitement de vos donn\u00e9es personnelles, selon la cat\u00e9gorie de partie int\u00e9ress\u00e9e, peut \u00eatre:<\/p>\n<table>\n<tbody>\n<tr>\n<td width=\"140\"><strong>PARTIE INT\u00c9RESS\u00c9E<\/strong><\/td>\n<td width=\"435\"><strong>BASE JURIDIQUE<\/strong><\/td>\n<\/tr>\n<tr>\n<td width=\"140\"><strong>CLIENTS POTENTIELS<\/strong><\/td>\n<td width=\"435\">Art. 6.1.b GDPR: application, \u00e0 la demande de l&rsquo;int\u00e9ress\u00e9, de mesures pr\u00e9contractuelles (budgets, feuilles personnalis\u00e9es, offres de services, etc.).<\/td>\n<\/tr>\n<tr>\n<td width=\"140\"><\/td>\n<td width=\"435\">Art. 6.1.f GDPR:Int\u00e9r\u00eat l\u00e9gitime (envoyer les informations demand\u00e9es, r\u00e9pondre aux questions pos\u00e9es &#8230;).<\/td>\n<\/tr>\n<tr>\n<td width=\"140\"><\/td>\n<td width=\"435\">Art. 6.1.a GDPR: consentement de la partie int\u00e9ress\u00e9e (offre des offres de nos services et \/ ou produits).<\/td>\n<\/tr>\n<tr>\n<td width=\"140\"><strong>LES CLIENTS<\/strong><\/td>\n<td width=\"435\">Art. 6.1.b GDPR: ex\u00e9cution du contrat dans laquelle la partie int\u00e9ress\u00e9e fait partie.<\/td>\n<\/tr>\n<tr>\n<td width=\"140\"><strong>FOURNISSEURS<\/strong><\/td>\n<td width=\"435\">Art. 6.1.b GDPR: ex\u00e9cution du contrat dans laquelle la partie int\u00e9ress\u00e9e fait partie.<\/td>\n<\/tr>\n<tr>\n<td width=\"140\"><strong>CANDIDATS<\/strong><\/td>\n<td width=\"435\">Art. 6.1.a GDPR: consentement de l&rsquo;int\u00e9ress\u00e9.<\/td>\n<\/tr>\n<\/tbody>\n<\/table>\n<p>Les informations que nous demandons sont ad\u00e9quates, pertinentes et strictement n\u00e9cessaires et ne doivent en aucun cas \u00eatre fournies, mais leur non-communication peut affecter la finalit\u00e9 du service ou l&rsquo;impossibilit\u00e9 de le fournir.<\/p>\n<p>&nbsp;<\/p>\n<\/div>\n\t\t<\/div><div id=\"panel-450-0-0-4\" class=\"so-panel widget widget_text\" data-index=\"4\" ><h3 class=\"widget-title\">Combien de temps allons-nous conserver vos donn\u00e9es personnelles?<\/h3>\t\t\t<div class=\"textwidget\"><p>&nbsp;<\/p>\n<p>Vos donn\u00e9es seront conserv\u00e9es pendant le temps minimum n\u00e9cessaire \u00e0 la bonne prestation du service offert, ainsi qu\u2019aux responsabilit\u00e9s qui pourraient en d\u00e9couler et \u00e0 toute autre obligation l\u00e9gale.<\/p>\n<p>&nbsp;<\/p>\n<\/div>\n\t\t<\/div><div id=\"panel-450-0-0-5\" class=\"so-panel widget widget_text\" data-index=\"5\" ><h3 class=\"widget-title\">\u00c0 quels destinataires vos donn\u00e9es seront-elles communiqu\u00e9es?<\/h3>\t\t\t<div class=\"textwidget\"><p>&nbsp;<\/p>\n<p>Pysa Medioambiente S.C.L. ne communiquera pas vos donn\u00e9es \u00e0 des tiers, sauf si express\u00e9ment inform\u00e9.<\/p>\n<p>De plus, nous vous informons que certaines donn\u00e9es, conform\u00e9ment \u00e0 la r\u00e9glementation en vigueur ou aux relations contractuelles que vous avez avec Pysa Medioambiente S.C.L., peuvent \u00eatre communiqu\u00e9es \u00e0:<\/p>\n<ul>\n<li>Banques et institutions financi\u00e8res pour les services de recouvrement contract\u00e9s et \/ ou les produits achet\u00e9s.<\/li>\n<li>Administrations publiques comp\u00e9tentes dans les secteurs d&rsquo;activit\u00e9 de Pysa Medioambiente S.C.L., conform\u00e9ment \u00e0 la r\u00e9glementation en vigueur.<\/li>\n<\/ul>\n<p>&nbsp;<\/p>\n<\/div>\n\t\t<\/div><div id=\"panel-450-0-0-6\" class=\"so-panel widget widget_text\" data-index=\"6\" ><h3 class=\"widget-title\">Quels sont vos droits lorsque vous nous fournissez vos donn\u00e9es?<\/h3>\t\t\t<div class=\"textwidget\"><p>&nbsp;<\/p>\n<p>Les droits de protection des donn\u00e9es pouvant \u00eatre exerc\u00e9s par les parties int\u00e9ress\u00e9es, le cas \u00e9ch\u00e9ant, sont les suivants:<\/p>\n<ul>\n<li>Droit de demander l&rsquo;acc\u00e8s aux donn\u00e9es personnelles relatives \u00e0 la partie int\u00e9ress\u00e9e.<\/li>\n<li>Droit de rectification ou de suppression.<\/li>\n<li>Droit d&rsquo;opposition<\/li>\n<li>Droit de demander la limitation de votre traitement.<\/li>\n<li>Droit \u00e0 la portabilit\u00e9 des donn\u00e9es.<\/li>\n<li>Droit de ne pas \u00eatre soumis \u00e0 des d\u00e9cisions reposant uniquement sur un traitement automatis\u00e9 de donn\u00e9es.<\/li>\n<\/ul>\n<p>Les titulaires des donn\u00e9es \u00e0 caract\u00e8re personnel obtenues peuvent exercer leurs droits de protection des donn\u00e9es \u00e0 caract\u00e8re personnel en adressant une communication \u00e9crite au si\u00e8ge de <strong>Pysa Medioambiente S.C.L.<\/strong> ou \u00e0 l&#8217;email activ\u00e9 \u00e0 cet effet, <a href=\"mailto:privacypysa@gmail.com\">privacypysa@gmail.com<\/a>.<\/p>\n<p>Mod\u00e8les, formulaires et autres informations disponibles sur vos droits sur le site Web de l&rsquo;autorit\u00e9 nationale de contr\u00f4le, Agence espagnole de protection des donn\u00e9es, ci-apr\u00e8s, AEPD, <a href=\"http:\/\/www.aepd.es\">www.aepd.es<\/a><\/p>\n<p>&nbsp;<\/p>\n<\/div>\n\t\t<\/div><div id=\"panel-450-0-0-7\" class=\"so-panel widget widget_text\" data-index=\"7\" ><h3 class=\"widget-title\">Puis-je retirer mon consentement?<\/h3>\t\t\t<div class=\"textwidget\"><p>&nbsp;<\/p>\n<p>Vous avez la possibilit\u00e9 et le droit de retirer votre consentement \u00e0 une fin sp\u00e9cifique, accord\u00e9e \u00e0 ce moment-l\u00e0, sans affecter la l\u00e9galit\u00e9 du traitement fond\u00e9 sur le consentement avant son retrait.<\/p>\n<p>&nbsp;<\/p>\n<\/div>\n\t\t<\/div><div id=\"panel-450-0-0-8\" class=\"so-panel widget widget_text\" data-index=\"8\" ><h3 class=\"widget-title\">O\u00f9 puis-je r\u00e9clamer si je consid\u00e8re que mes donn\u00e9es ne sont pas trait\u00e9es correctement?<\/h3>\t\t\t<div class=\"textwidget\"><p>&nbsp;<\/p>\n<p>Si une partie int\u00e9ress\u00e9e estime que ses donn\u00e9es ne sont pas trait\u00e9es correctement par <strong>Pysa Medioambiente S.C.L.<\/strong> ou si les demandes d\u2019exercice des droits n\u2019ont pas \u00e9t\u00e9 trait\u00e9es de mani\u00e8re satisfaisante, vous pouvez d\u00e9poser une plainte aupr\u00e8s de l\u2019autorit\u00e9 de protection des donn\u00e9es correspondante, l\u2019AEPD \u00e9tant celle indiqu\u00e9e sur le territoire national, <a href=\"http:\/\/www.aepd.es\">www.aepd.es.<\/a><\/p>\n<p>&nbsp;<\/p>\n<\/div>\n\t\t<\/div><div id=\"panel-450-0-0-9\" class=\"so-panel widget widget_text\" data-index=\"9\" ><h3 class=\"widget-title\">S\u00e9curit\u00e9 et mise \u00e0 jour de vos donn\u00e9es personnelles<\/h3>\t\t\t<div class=\"textwidget\"><p>&nbsp;<\/p>\n<p>Afin de prot\u00e9ger vos donn\u00e9es de s\u00e9curit\u00e9 personnelles, nous vous informons que vous avez adopt\u00e9 toutes les mesures techniques et organisationnelles n\u00e9cessaires pour garantir la s\u00e9curit\u00e9 des donn\u00e9es personnelles fournies. Tout cela pour \u00e9viter son alt\u00e9ration, perte et \/ ou traitements ou acc\u00e8s non autoris\u00e9s, comme l&rsquo;exige la r\u00e9glementation, bien que la s\u00e9curit\u00e9 absolue n&rsquo;existe pas.<\/p>\n<p>Il est important, pour que nous puissions garder vos donn\u00e9es personnelles \u00e0 jour, nous en informer chaque fois qu&rsquo;il y a une modification.<\/p>\n<p>&nbsp;<\/p>\n<\/div>\n\t\t<\/div><div id=\"panel-450-0-0-10\" class=\"so-panel widget widget_text panel-last-child\" data-index=\"10\" ><h3 class=\"widget-title\">La confidentialit\u00e9<\/h3>\t\t\t<div class=\"textwidget\"><p>&nbsp;<\/p>\n<p>Pysa Medioambiente S.C.L. vous informe que vos donn\u00e9es seront trait\u00e9es avec le plus grand z\u00e8le et la plus grande confidentialit\u00e9 par tout le personnel impliqu\u00e9 dans toutes les phases du traitement. Nous ne transmettrons ni ne communiquerons vos donn\u00e9es \u00e0 des tiers, sauf dans les cas pr\u00e9vus par la loi ou sauf autorisation de la part de l&rsquo;int\u00e9ress\u00e9.<\/p>\n<p>&nbsp;<\/p>\n<\/div>\n\t\t<\/div><\/div><\/div><div id=\"pg-450-1\"  class=\"panel-grid panel-no-style\" ><div id=\"pgc-450-1-0\"  class=\"panel-grid-cell panel-grid-cell-empty\" ><\/div><\/div><\/div>","protected":false},"excerpt":{"rendered":"<p>&nbsp; Conform\u00e9ment aux principes de l\u00e9galit\u00e9, de loyaut\u00e9 et de transparence, nous mettons cette politique de confidentialit\u00e9 \u00e0 votre disposition.<\/p>\n","protected":false},"author":1,"featured_media":0,"parent":0,"menu_order":0,"comment_status":"closed","ping_status":"closed","template":"","meta":{"_monsterinsights_skip_tracking":false,"_monsterinsights_sitenote_active":false,"_monsterinsights_sitenote_note":"","_monsterinsights_sitenote_category":0,"_uf_show_specific_survey":0,"_uf_disable_surveys":false,"footnotes":""},"class_list":["post-450","page","type-page","status-publish","hentry"],"yoast_head":"<!-- This site is optimized with the Yoast SEO plugin v26.1.1 - https:\/\/yoast.com\/wordpress\/plugins\/seo\/ -->\n<title>Protection de vos donn\u00e9es personnelles - PYSA medioambiente<\/title>\n<meta name=\"robots\" content=\"noindex, nofollow\" \/>\n<meta property=\"og:locale\" content=\"fr_FR\" \/>\n<meta property=\"og:type\" content=\"article\" \/>\n<meta property=\"og:title\" content=\"Protection de vos donn\u00e9es personnelles - PYSA medioambiente\" \/>\n<meta property=\"og:description\" content=\"&nbsp; Conform\u00e9ment aux principes de l\u00e9galit\u00e9, de loyaut\u00e9 et de transparence, nous mettons cette politique de confidentialit\u00e9 \u00e0 votre disposition.\" \/>\n<meta property=\"og:url\" content=\"https:\/\/pysamedioambiente.com\/privacidad\/\" \/>\n<meta property=\"og:site_name\" content=\"PYSA medioambiente\" \/>\n<meta property=\"article:modified_time\" content=\"2019-08-01T11:57:52+00:00\" \/>\n<meta name=\"twitter:card\" content=\"summary_large_image\" \/>\n<meta name=\"twitter:label1\" content=\"Dur\u00e9e de lecture estim\u00e9e\" \/>\n\t<meta name=\"twitter:data1\" content=\"13 minutes\" \/>\n<script type=\"application\/ld+json\" class=\"yoast-schema-graph\">{\"@context\":\"https:\/\/schema.org\",\"@graph\":[{\"@type\":\"WebPage\",\"@id\":\"https:\/\/pysamedioambiente.com\/privacidad\/\",\"url\":\"https:\/\/pysamedioambiente.com\/privacidad\/\",\"name\":\"Protection de vos donn\u00e9es personnelles - PYSA medioambiente\",\"isPartOf\":{\"@id\":\"https:\/\/pysamedioambiente.com\/#website\"},\"datePublished\":\"2019-07-18T08:45:10+00:00\",\"dateModified\":\"2019-08-01T11:57:52+00:00\",\"breadcrumb\":{\"@id\":\"https:\/\/pysamedioambiente.com\/privacidad\/#breadcrumb\"},\"inLanguage\":\"fr-FR\",\"potentialAction\":[{\"@type\":\"ReadAction\",\"target\":[\"https:\/\/pysamedioambiente.com\/privacidad\/\"]}]},{\"@type\":\"BreadcrumbList\",\"@id\":\"https:\/\/pysamedioambiente.com\/privacidad\/#breadcrumb\",\"itemListElement\":[{\"@type\":\"ListItem\",\"position\":1,\"name\":\"Portada\",\"item\":\"https:\/\/pysamedioambiente.com\/\"},{\"@type\":\"ListItem\",\"position\":2,\"name\":\"Pol\u00edtica de Privacidad\"}]},{\"@type\":\"WebSite\",\"@id\":\"https:\/\/pysamedioambiente.com\/#website\",\"url\":\"https:\/\/pysamedioambiente.com\/\",\"name\":\"PYSA medioambiente\",\"description\":\"Ingenier\u00eda medioambiental\",\"publisher\":{\"@id\":\"https:\/\/pysamedioambiente.com\/#organization\"},\"potentialAction\":[{\"@type\":\"SearchAction\",\"target\":{\"@type\":\"EntryPoint\",\"urlTemplate\":\"https:\/\/pysamedioambiente.com\/?s={search_term_string}\"},\"query-input\":{\"@type\":\"PropertyValueSpecification\",\"valueRequired\":true,\"valueName\":\"search_term_string\"}}],\"inLanguage\":\"fr-FR\"},{\"@type\":\"Organization\",\"@id\":\"https:\/\/pysamedioambiente.com\/#organization\",\"name\":\"PYSA medioambiente\",\"url\":\"https:\/\/pysamedioambiente.com\/\",\"logo\":{\"@type\":\"ImageObject\",\"inLanguage\":\"fr-FR\",\"@id\":\"https:\/\/pysamedioambiente.com\/#\/schema\/logo\/image\/\",\"url\":\"https:\/\/pysamedioambiente.com\/wp-content\/uploads\/2019\/07\/cropped-PysaSCL_LogoPT-1.png\",\"contentUrl\":\"https:\/\/pysamedioambiente.com\/wp-content\/uploads\/2019\/07\/cropped-PysaSCL_LogoPT-1.png\",\"width\":245,\"height\":76,\"caption\":\"PYSA medioambiente\"},\"image\":{\"@id\":\"https:\/\/pysamedioambiente.com\/#\/schema\/logo\/image\/\"},\"sameAs\":[\"https:\/\/www.linkedin.com\/company\/pysa-medioambiente\/\"]}]}<\/script>\n<!-- \/ Yoast SEO plugin. -->","yoast_head_json":{"title":"Protection de vos donn\u00e9es personnelles - PYSA medioambiente","robots":{"index":"noindex","follow":"nofollow"},"og_locale":"fr_FR","og_type":"article","og_title":"Protection de vos donn\u00e9es personnelles - PYSA medioambiente","og_description":"&nbsp; Conform\u00e9ment aux principes de l\u00e9galit\u00e9, de loyaut\u00e9 et de transparence, nous mettons cette politique de confidentialit\u00e9 \u00e0 votre disposition.","og_url":"https:\/\/pysamedioambiente.com\/privacidad\/","og_site_name":"PYSA medioambiente","article_modified_time":"2019-08-01T11:57:52+00:00","twitter_card":"summary_large_image","twitter_misc":{"Dur\u00e9e de lecture estim\u00e9e":"13 minutes"},"schema":{"@context":"https:\/\/schema.org","@graph":[{"@type":"WebPage","@id":"https:\/\/pysamedioambiente.com\/privacidad\/","url":"https:\/\/pysamedioambiente.com\/privacidad\/","name":"Protection de vos donn\u00e9es personnelles - PYSA medioambiente","isPartOf":{"@id":"https:\/\/pysamedioambiente.com\/#website"},"datePublished":"2019-07-18T08:45:10+00:00","dateModified":"2019-08-01T11:57:52+00:00","breadcrumb":{"@id":"https:\/\/pysamedioambiente.com\/privacidad\/#breadcrumb"},"inLanguage":"fr-FR","potentialAction":[{"@type":"ReadAction","target":["https:\/\/pysamedioambiente.com\/privacidad\/"]}]},{"@type":"BreadcrumbList","@id":"https:\/\/pysamedioambiente.com\/privacidad\/#breadcrumb","itemListElement":[{"@type":"ListItem","position":1,"name":"Portada","item":"https:\/\/pysamedioambiente.com\/"},{"@type":"ListItem","position":2,"name":"Pol\u00edtica de Privacidad"}]},{"@type":"WebSite","@id":"https:\/\/pysamedioambiente.com\/#website","url":"https:\/\/pysamedioambiente.com\/","name":"PYSA medioambiente","description":"Ingenier\u00eda medioambiental","publisher":{"@id":"https:\/\/pysamedioambiente.com\/#organization"},"potentialAction":[{"@type":"SearchAction","target":{"@type":"EntryPoint","urlTemplate":"https:\/\/pysamedioambiente.com\/?s={search_term_string}"},"query-input":{"@type":"PropertyValueSpecification","valueRequired":true,"valueName":"search_term_string"}}],"inLanguage":"fr-FR"},{"@type":"Organization","@id":"https:\/\/pysamedioambiente.com\/#organization","name":"PYSA medioambiente","url":"https:\/\/pysamedioambiente.com\/","logo":{"@type":"ImageObject","inLanguage":"fr-FR","@id":"https:\/\/pysamedioambiente.com\/#\/schema\/logo\/image\/","url":"https:\/\/pysamedioambiente.com\/wp-content\/uploads\/2019\/07\/cropped-PysaSCL_LogoPT-1.png","contentUrl":"https:\/\/pysamedioambiente.com\/wp-content\/uploads\/2019\/07\/cropped-PysaSCL_LogoPT-1.png","width":245,"height":76,"caption":"PYSA medioambiente"},"image":{"@id":"https:\/\/pysamedioambiente.com\/#\/schema\/logo\/image\/"},"sameAs":["https:\/\/www.linkedin.com\/company\/pysa-medioambiente\/"]}]}},"_links":{"self":[{"href":"https:\/\/pysamedioambiente.com\/fr\/wp-json\/wp\/v2\/pages\/450","targetHints":{"allow":["GET"]}}],"collection":[{"href":"https:\/\/pysamedioambiente.com\/fr\/wp-json\/wp\/v2\/pages"}],"about":[{"href":"https:\/\/pysamedioambiente.com\/fr\/wp-json\/wp\/v2\/types\/page"}],"author":[{"embeddable":true,"href":"https:\/\/pysamedioambiente.com\/fr\/wp-json\/wp\/v2\/users\/1"}],"replies":[{"embeddable":true,"href":"https:\/\/pysamedioambiente.com\/fr\/wp-json\/wp\/v2\/comments?post=450"}],"version-history":[{"count":0,"href":"https:\/\/pysamedioambiente.com\/fr\/wp-json\/wp\/v2\/pages\/450\/revisions"}],"wp:attachment":[{"href":"https:\/\/pysamedioambiente.com\/fr\/wp-json\/wp\/v2\/media?parent=450"}],"curies":[{"name":"wp","href":"https:\/\/api.w.org\/{rel}","templated":true}]}}