{"id":18,"date":"2017-01-30T03:42:19","date_gmt":"2017-01-30T03:42:19","guid":{"rendered":"https:\/\/demo.themegrill.com\/flash-construction-2\/?page_id=18"},"modified":"2025-11-18T20:20:09","modified_gmt":"2025-11-18T19:20:09","slug":"contacto","status":"publish","type":"page","link":"https:\/\/pysamedioambiente.com\/fr\/contacto\/","title":{"rendered":"Coordonn\u00e9es"},"content":{"rendered":"<div id=\"pl-18\"  class=\"panel-layout\" ><div id=\"pg-18-0\"  class=\"panel-grid panel-has-style\" ><div class=\"siteorigin-panels-stretch panel-row-style panel-row-style-for-18-0\" data-stretch-type=\"full\" ><div id=\"pgc-18-0-0\"  class=\"panel-grid-cell\" ><div id=\"panel-18-0-0-0\" class=\"so-panel widget widget_siteorigin-panels-builder panel-first-child panel-last-child\" data-index=\"0\" ><div id=\"pl-w691cc6e9e5347\"  class=\"panel-layout\" ><div id=\"pg-w691cc6e9e5347-0\"  class=\"panel-grid panel-no-style\" ><div id=\"pgc-w691cc6e9e5347-0-0\"  class=\"panel-grid-cell\" ><div id=\"panel-w691cc6e9e5347-0-0-0\" class=\"so-panel widget widget_themegrill_flash_heading tg-widget section-title-wrapper panel-first-child panel-last-child\" data-index=\"0\" >\t<h3 class=\"section-title\">Contactez-nous<\/h3>\n<\/div><\/div><\/div><div id=\"pg-w691cc6e9e5347-1\"  class=\"panel-grid panel-no-style\" ><div id=\"pgc-w691cc6e9e5347-1-0\"  class=\"panel-grid-cell\" ><div id=\"panel-w691cc6e9e5347-1-0-0\" class=\"so-panel widget widget_text panel-first-child\" data-index=\"1\" ><h3 class=\"widget-title\">Bureau<\/h3>\t\t\t<div class=\"textwidget\"><span>Adresse:<\/span><\/br>\n<span>calle Benita \u00c1vila, 38<\/span><\/br>\n<span>28043 Madrid<\/span><\/br>\n<span>Espa\u00f1a<\/span><\/br>\n<span>T\u00e9l\u00e9phone: +34 913 00 42 58 <\/span><\/br> \n<span>Fax: +34 913 88 70 02<\/span><\/br>\n<span>Email: info@pysamedioambiente.com<\/span><\/br>\n <span>Site Web: pysamedioambiente.com<\/span><\/div>\n\t\t<\/div><div id=\"panel-w691cc6e9e5347-1-0-1\" class=\"so-panel widget widget_text\" data-index=\"2\" ><div class=\"panel-widget-style panel-widget-style-for-w691cc6e9e5347-1-0-1\" ><h3 class=\"widget-title\">Horaire d&rsquo;ouverture<\/h3>\t\t\t<div class=\"textwidget\"><span>Lun-Ven  8:00 - 17:00<\/br><\/span>\n<span>Lun-Ven  8:00 - 15:00(15Juin-15Sep)<\/br><\/span>\n<span><\/span><\/div>\n\t\t<\/div><\/div><div id=\"panel-w691cc6e9e5347-1-0-2\" class=\"so-panel widget widget_text\" data-index=\"3\" ><h3 class=\"widget-title\">Map<\/h3>\t\t\t<div class=\"textwidget\"><p><a href=\"https:\/\/www.google.com\/maps\/place\/PYSA+medioambiente+S.C.L.\/@40.4310951,-3.6283731,17z\/data=!4m6!3m5!1s0xd422f885556a5d1:0x8180ce5e55c3f74f!8m2!3d40.4308134!4d-3.6313343!16s%2Fg%2F11hy_xvqyj?hl=es&amp;authuser=0&amp;entry=ttu&amp;g_ep=EgoyMDI1MTExMi4wIKXMDSoASAFQAw%3D%3D\"><img decoding=\"async\" class=\"alignnone size-medium wp-image-2454 lazyload\" data-src=\"https:\/\/pysamedioambiente.com\/wp-content\/uploads\/2025\/11\/LocalizacionEM-300x149.png\" alt=\"\" width=\"300\" height=\"149\" data-srcset=\"https:\/\/pysamedioambiente.com\/wp-content\/uploads\/2025\/11\/LocalizacionEM-300x149.png 300w, https:\/\/pysamedioambiente.com\/wp-content\/uploads\/2025\/11\/LocalizacionEM-1024x508.png 1024w, https:\/\/pysamedioambiente.com\/wp-content\/uploads\/2025\/11\/LocalizacionEM-768x381.png 768w, https:\/\/pysamedioambiente.com\/wp-content\/uploads\/2025\/11\/LocalizacionEM-1536x762.png 1536w, https:\/\/pysamedioambiente.com\/wp-content\/uploads\/2025\/11\/LocalizacionEM-800x400.png 800w, https:\/\/pysamedioambiente.com\/wp-content\/uploads\/2025\/11\/LocalizacionEM.png 1586w\" data-sizes=\"(max-width: 300px) 100vw, 300px\" src=\"data:image\/svg+xml;base64,PHN2ZyB3aWR0aD0iMSIgaGVpZ2h0PSIxIiB4bWxucz0iaHR0cDovL3d3dy53My5vcmcvMjAwMC9zdmciPjwvc3ZnPg==\" style=\"--smush-placeholder-width: 300px; --smush-placeholder-aspect-ratio: 300\/149;\" \/><\/a><\/p>\n<\/div>\n\t\t<\/div><div id=\"panel-w691cc6e9e5347-1-0-3\" class=\"so-panel widget widget_lsi_widget panel-last-child\" data-index=\"4\" ><h3 class=\"widget-title\">Sociaux<\/h3><ul class=\"lsi-social-icons icon-set-widget-1-0-3\" style=\"text-align: left\"><li class=\"lsi-social-linkedin\"><a class=\"\" rel=\"nofollow noopener noreferrer\" title=\"LinkedIn\" aria-label=\"LinkedIn\" href=\"https:\/\/www.linkedin.com\/company\/pysa-medioambiente\" target=\"_blank\"><i class=\"lsicon lsicon-linkedin\"><\/i><\/a><\/li><\/ul><\/div><\/div><div id=\"pgc-w691cc6e9e5347-1-1\"  class=\"panel-grid-cell\" ><div id=\"panel-w691cc6e9e5347-1-1-0\" class=\"so-panel widget widget_text panel-first-child panel-last-child\" data-index=\"5\" >\t\t\t<div class=\"textwidget\"><p>Si vous souhaitez un devis personnalis\u00e9, remplissez le formulaire de contact en incluant autant de donn\u00e9es que vous pouvez fournir. Ou indiquez votre num\u00e9ro de t\u00e9l\u00e9phone et nous vous contacterons d\u00e8s que possible.<\/p>\n<div class=\"everest-forms\"><div class=\"evf-container default\" id=\"evf-129\"><form id=\"evf-form-129\" class=\"everest-form\" data-formid=\"129\" data-ajax_submission=\"0\" data-keyboard_friendly_form=\"0\" data-form_state_type=\"\" method=\"post\" enctype=\"multipart\/form-data\" action=\"\/fr\/wp-json\/wp\/v2\/pages\/18\"><div class=\"evf-field-container\"><input type=\"hidden\" id=\"_wpnonce129\" name=\"_wpnonce129\" value=\"bebcf5d42d\" \/><input type=\"hidden\" name=\"_wp_http_referer\" value=\"\/fr\/wp-json\/wp\/v2\/pages\/18\" \/><div class=\"evf-frontend-row\" data-row=\"row_1\" conditional_rules=\"[]\"><div class=\"evf-frontend-grid evf-grid-1\" data-grid=\"grid_1\"><div id=\"evf-129-field_name-container\" class=\"evf-field evf-field-text form-row validate-required\" data-required-field-message=\"This field is required.\" data-field-id=\"name\"><label class=\"evf-field-label\" for=\"evf-129-field_name\"><span class=\"evf-label\">Nom et pr\u00e9nom<\/span> <abbr class=\"required\" title=\"N\u00e9cessaire\">*<\/abbr><\/label><input type=\"text\" id=\"evf-129-field_name\" class=\"input-text\" name=\"everest_forms[form_fields][name]\" required><\/div><div id=\"evf-129-field_aqoXFzQjyG-3-container\" class=\"evf-field evf-field-text form-row validate-required\" data-required-field-message=\"This field is required.\" data-field-id=\"aqoXFzQjyG-3\"><label class=\"evf-field-label\" for=\"evf-129-field_aqoXFzQjyG-3\"><span class=\"evf-label\">Num\u00e9ro de t\u00e9l\u00e9phone<\/span> <abbr class=\"required\" title=\"N\u00e9cessaire\">*<\/abbr><\/label><input type=\"text\" id=\"evf-129-field_aqoXFzQjyG-3\" class=\"input-text\" name=\"everest_forms[form_fields][aqoXFzQjyG-3]\" required><\/div><div id=\"evf-129-field_email-container\" class=\"evf-field evf-field-email form-row validate-required validate-email\" data-required-field-message=\"Please enter a valid email address.\" data-field-id=\"email\"><label class=\"evf-field-label\" for=\"evf-129-field_email\"><span class=\"evf-label\">Email<\/span> <abbr class=\"required\" title=\"N\u00e9cessaire\">*<\/abbr><\/label><input type=\"email\" id=\"evf-129-field_email\" class=\"input-text\" name=\"everest_forms[form_fields][email]\" required ><\/div><div id=\"evf-129-field_subject-container\" class=\"evf-field evf-field-text form-row validate-required\" data-required-field-message=\"This field is required.\" data-field-id=\"subject\"><label class=\"evf-field-label\" for=\"evf-129-field_subject\"><span class=\"evf-label\">Sujet<\/span> <abbr class=\"required\" title=\"N\u00e9cessaire\">*<\/abbr><\/label><input type=\"text\" id=\"evf-129-field_subject\" class=\"input-text\" name=\"everest_forms[form_fields][subject]\" required><\/div><div id=\"evf-129-field_message-container\" class=\"evf-field evf-field-textarea form-row\" data-field-id=\"message\"><label class=\"evf-field-label\" for=\"evf-129-field_message\"><span class=\"evf-label\">Message<\/span> <\/label><textarea id=\"evf-129-field_message\" class=\"input-text\" name=\"everest_forms[form_fields][message]\"  ><\/textarea><\/div><div id=\"evf-129-field_OloTjH9mM5-2-container\" class=\"evf-field evf-field-checkbox form-row validate-required\" data-required-field-message=\"This field is required.\" data-field-id=\"OloTjH9mM5-2\"><label class=\"evf-field-label\" for=\"evf-129-field_OloTjH9mM5-2\"><span class=\"evf-label\">Politique de confidentialit\u00e9<\/span> <abbr class=\"required\" title=\"N\u00e9cessaire\">*<\/abbr><\/label><ul id=\"evf-129-field_OloTjH9mM5-2\" class=\" evf-field-required\"><li class=\"choice-1 depth-1\"><input type=\"checkbox\" id=\"evf-129-field_OloTjH9mM5-2_1\" class=\"input-text\" name=\"everest_forms[form_fields][OloTjH9mM5-2][]\" value=\"Je d\u00e9clare avoir compris les informations fournies et je consens au traitement qui sera effectu\u00e9 de mes donn\u00e9es personnelles.\" required ><label class=\"everest-forms-field-label-inline\" for=\"evf-129-field_OloTjH9mM5-2_1\">Je d\u00e9clare avoir compris les informations fournies et je consens au traitement qui sera effectu\u00e9 de mes donn\u00e9es personnelles.<\/label><\/li><\/ul><div class=\"evf-field-description\"><h5>INFORMATIONS DE BASE SUR LA PROTECTION DES DONN\u00c9ES<\/h5>\r\n\r\n<p>RESPONSABLE:\tPysa Medioambiente S.C.L. \/ F81527582 \/ C\/ Benita Avila 38, 28043 Madrid \/ privacidadpysa@gmail.com \/ 913004258<\/p>\r\n\r\n<p>OBJET PRINCIPAL: G\u00e9rer la relation commerciale \/ professionnelle potentielle.\r\nR\u00e9pondez aux questions ou envoyez les informations que vous demandez.\r\n<\/p>\r\n<p>DROITS: L'acc\u00e8s, la rectification, la suppression et la portabilit\u00e9 de vos donn\u00e9es, des limitations et des oppositions \u00e0 leur traitement, ainsi que ne pas faire l'objet de d\u00e9cisions reposant uniquement sur le traitement automatis\u00e9 de vos donn\u00e9es, le cas \u00e9ch\u00e9ant.<\/p>\r\n<p>INFORMATIONS SUPPL\u00c9MENTAIRES: Vous pouvez consulter les informations compl\u00e9mentaires d\u00e9taill\u00e9es sur nos<a href=\"https:\/\/pysamedioambiente.com\/aviso-legal\/\" target=\"_blank\" style=\"color:#ec914a\"><strong> Politique de confidentialit\u00e9<\/strong><\/a><\/p><\/div><\/div><\/div><\/div><\/div><div class=\"evf-honeypot-container evf-field-hp\"><label for=\"evf-129-field-hp\" class=\"evf-field-label\">Comment<\/label><input type=\"text\" name=\"everest_forms[hp]\" id=\"evf-129-field-hp\" class=\"input-text\"><\/div><div class=\"evf-recaptcha-container recaptcha-hidden\" style=\"display:block\"><input type=\"hidden\" name=\"everest_forms[recaptcha]\" value=\"\"><\/div><div class=\"evf-submit-container \" ><input type=\"hidden\" name=\"everest_forms[id]\" value=\"129\"><input type=\"hidden\" name=\"everest_forms[author]\" value=\"1\"><button type='submit' name='everest_forms[submit]' class='everest-forms-submit-button button evf-submit ' id='evf-submit-129' value='evf-submit' data-process-text=\"Envoi\" conditional_rules='&quot;&quot;' conditional_id='evf-submit-129'  id=\"evf-submit-129\" aria-live=\"assertive\">Envoyer<\/button><\/div><\/form><\/div><!-- .evf-container --><\/div>\n<\/div>\n\t\t<\/div><\/div><\/div><\/div><\/div><\/div><\/div><\/div><div id=\"pg-18-1\"  class=\"panel-grid panel-has-style\" ><div class=\"siteorigin-panels-stretch panel-row-style panel-row-style-for-18-1\" data-stretch-type=\"full\" ><div id=\"pgc-18-1-0\"  class=\"panel-grid-cell\" ><div id=\"panel-18-1-0-0\" class=\"so-panel widget widget_themegrill_flash_cta tg-widget call-to-action-section panel-first-child panel-last-child\" data-index=\"1\" ><div class=\"cta-wrapper call-to-action-section-layout-2\">\n\t<div class=\"section-title-wrapper\">\n\t\t\t\t<h3 class=\"section-title\">Voulez-vous conna\u00eetre nos services?<\/h3>\n\t\t\t<\/div>\n\t\t<div class=\"btn-wrapper\">\n\t\t\t\t<a class=\"btn\" href=\"https:\/\/pysamedioambiente.com\/services\/\">Cliquez ici<\/a>\n\t\t\t\t\t<\/div>\n\t<\/div>\n<\/div><\/div><\/div><\/div><\/div>","protected":false},"excerpt":{"rendered":"<p>Contactez-nous Bureau Adresse: calle Benita \u00c1vila, 38 28043 Madrid Espa\u00f1a T\u00e9l\u00e9phone: +34 913 00 42 58 Fax: +34 913 88 [&hellip;]<\/p>\n","protected":false},"author":1,"featured_media":0,"parent":0,"menu_order":0,"comment_status":"closed","ping_status":"closed","template":"page-templates\/pagebuilder.php","meta":{"_monsterinsights_skip_tracking":false,"_monsterinsights_sitenote_active":false,"_monsterinsights_sitenote_note":"","_monsterinsights_sitenote_category":0,"_uf_show_specific_survey":0,"_uf_disable_surveys":false,"footnotes":""},"class_list":["post-18","page","type-page","status-publish","hentry"],"yoast_head":"<!-- This site is optimized with the Yoast SEO plugin v27.3 - https:\/\/yoast.com\/product\/yoast-seo-wordpress\/ -->\n<title>Coordonn\u00e9es - PYSA medioambiente<\/title>\n<meta name=\"description\" content=\"Contacta con Pysa Medioambiente para que estudiemos tus proyectos, asesoremos y\/o supervisemos tus obras e ingenier\u00edas.\" \/>\n<meta name=\"robots\" content=\"index, follow, max-snippet:-1, max-image-preview:large, max-video-preview:-1\" \/>\n<link rel=\"canonical\" href=\"https:\/\/pysamedioambiente.com\/contacto\/\" \/>\n<meta property=\"og:locale\" content=\"fr_FR\" \/>\n<meta property=\"og:type\" content=\"article\" \/>\n<meta property=\"og:title\" content=\"Coordonn\u00e9es - PYSA medioambiente\" \/>\n<meta property=\"og:description\" content=\"Contacta con Pysa Medioambiente para que estudiemos tus proyectos, asesoremos y\/o supervisemos tus obras e ingenier\u00edas.\" \/>\n<meta property=\"og:url\" content=\"https:\/\/pysamedioambiente.com\/contacto\/\" \/>\n<meta property=\"og:site_name\" content=\"PYSA medioambiente\" \/>\n<meta property=\"article:modified_time\" content=\"2025-11-18T19:20:09+00:00\" \/>\n<meta property=\"og:image\" content=\"https:\/\/pysamedioambiente.com\/wp-content\/uploads\/2025\/11\/LocalizacionEM.png\" \/>\n\t<meta property=\"og:image:width\" content=\"1586\" \/>\n\t<meta property=\"og:image:height\" content=\"787\" \/>\n\t<meta property=\"og:image:type\" content=\"image\/png\" \/>\n<meta name=\"twitter:card\" content=\"summary_large_image\" \/>\n<meta name=\"twitter:label1\" content=\"Dur\u00e9e de lecture estim\u00e9e\" \/>\n\t<meta name=\"twitter:data1\" content=\"3 minutes\" \/>\n<script type=\"application\/ld+json\" class=\"yoast-schema-graph\">{\"@context\":\"https:\\\/\\\/schema.org\",\"@graph\":[{\"@type\":\"WebPage\",\"@id\":\"https:\\\/\\\/pysamedioambiente.com\\\/contacto\\\/\",\"url\":\"https:\\\/\\\/pysamedioambiente.com\\\/contacto\\\/\",\"name\":\"Coordonn\u00e9es - PYSA medioambiente\",\"isPartOf\":{\"@id\":\"https:\\\/\\\/pysamedioambiente.com\\\/#website\"},\"primaryImageOfPage\":{\"@id\":\"https:\\\/\\\/pysamedioambiente.com\\\/contacto\\\/#primaryimage\"},\"image\":{\"@id\":\"https:\\\/\\\/pysamedioambiente.com\\\/contacto\\\/#primaryimage\"},\"thumbnailUrl\":\"https:\\\/\\\/pysamedioambiente.com\\\/wp-content\\\/uploads\\\/2025\\\/11\\\/LocalizacionEM-300x149.png\",\"datePublished\":\"2017-01-30T03:42:19+00:00\",\"dateModified\":\"2025-11-18T19:20:09+00:00\",\"description\":\"Contacta con Pysa Medioambiente para que estudiemos tus proyectos, asesoremos y\\\/o supervisemos tus obras e ingenier\u00edas.\",\"breadcrumb\":{\"@id\":\"https:\\\/\\\/pysamedioambiente.com\\\/contacto\\\/#breadcrumb\"},\"inLanguage\":\"fr-FR\",\"potentialAction\":[{\"@type\":\"ReadAction\",\"target\":[\"https:\\\/\\\/pysamedioambiente.com\\\/contacto\\\/\"]}]},{\"@type\":\"ImageObject\",\"inLanguage\":\"fr-FR\",\"@id\":\"https:\\\/\\\/pysamedioambiente.com\\\/contacto\\\/#primaryimage\",\"url\":\"https:\\\/\\\/pysamedioambiente.com\\\/wp-content\\\/uploads\\\/2025\\\/11\\\/LocalizacionEM-300x149.png\",\"contentUrl\":\"https:\\\/\\\/pysamedioambiente.com\\\/wp-content\\\/uploads\\\/2025\\\/11\\\/LocalizacionEM-300x149.png\"},{\"@type\":\"BreadcrumbList\",\"@id\":\"https:\\\/\\\/pysamedioambiente.com\\\/contacto\\\/#breadcrumb\",\"itemListElement\":[{\"@type\":\"ListItem\",\"position\":1,\"name\":\"Portada\",\"item\":\"https:\\\/\\\/pysamedioambiente.com\\\/\"},{\"@type\":\"ListItem\",\"position\":2,\"name\":\"Contacto\"}]},{\"@type\":\"WebSite\",\"@id\":\"https:\\\/\\\/pysamedioambiente.com\\\/#website\",\"url\":\"https:\\\/\\\/pysamedioambiente.com\\\/\",\"name\":\"PYSA medioambiente\",\"description\":\"Ingenier\u00eda medioambiental\",\"publisher\":{\"@id\":\"https:\\\/\\\/pysamedioambiente.com\\\/#organization\"},\"potentialAction\":[{\"@type\":\"SearchAction\",\"target\":{\"@type\":\"EntryPoint\",\"urlTemplate\":\"https:\\\/\\\/pysamedioambiente.com\\\/?s={search_term_string}\"},\"query-input\":{\"@type\":\"PropertyValueSpecification\",\"valueRequired\":true,\"valueName\":\"search_term_string\"}}],\"inLanguage\":\"fr-FR\"},{\"@type\":\"Organization\",\"@id\":\"https:\\\/\\\/pysamedioambiente.com\\\/#organization\",\"name\":\"PYSA medioambiente\",\"url\":\"https:\\\/\\\/pysamedioambiente.com\\\/\",\"logo\":{\"@type\":\"ImageObject\",\"inLanguage\":\"fr-FR\",\"@id\":\"https:\\\/\\\/pysamedioambiente.com\\\/#\\\/schema\\\/logo\\\/image\\\/\",\"url\":\"https:\\\/\\\/pysamedioambiente.com\\\/wp-content\\\/uploads\\\/2019\\\/07\\\/cropped-PysaSCL_LogoPT-1.png\",\"contentUrl\":\"https:\\\/\\\/pysamedioambiente.com\\\/wp-content\\\/uploads\\\/2019\\\/07\\\/cropped-PysaSCL_LogoPT-1.png\",\"width\":245,\"height\":76,\"caption\":\"PYSA medioambiente\"},\"image\":{\"@id\":\"https:\\\/\\\/pysamedioambiente.com\\\/#\\\/schema\\\/logo\\\/image\\\/\"},\"sameAs\":[\"https:\\\/\\\/www.linkedin.com\\\/company\\\/pysa-medioambiente\\\/\"]}]}<\/script>\n<!-- \/ Yoast SEO plugin. -->","yoast_head_json":{"title":"Coordonn\u00e9es - PYSA medioambiente","description":"Contacta con Pysa Medioambiente para que estudiemos tus proyectos, asesoremos y\/o supervisemos tus obras e ingenier\u00edas.","robots":{"index":"index","follow":"follow","max-snippet":"max-snippet:-1","max-image-preview":"max-image-preview:large","max-video-preview":"max-video-preview:-1"},"canonical":"https:\/\/pysamedioambiente.com\/contacto\/","og_locale":"fr_FR","og_type":"article","og_title":"Coordonn\u00e9es - PYSA medioambiente","og_description":"Contacta con Pysa Medioambiente para que estudiemos tus proyectos, asesoremos y\/o supervisemos tus obras e ingenier\u00edas.","og_url":"https:\/\/pysamedioambiente.com\/contacto\/","og_site_name":"PYSA medioambiente","article_modified_time":"2025-11-18T19:20:09+00:00","og_image":[{"width":1586,"height":787,"url":"https:\/\/pysamedioambiente.com\/wp-content\/uploads\/2025\/11\/LocalizacionEM.png","type":"image\/png"}],"twitter_card":"summary_large_image","twitter_misc":{"Dur\u00e9e de lecture estim\u00e9e":"3 minutes"},"schema":{"@context":"https:\/\/schema.org","@graph":[{"@type":"WebPage","@id":"https:\/\/pysamedioambiente.com\/contacto\/","url":"https:\/\/pysamedioambiente.com\/contacto\/","name":"Coordonn\u00e9es - PYSA medioambiente","isPartOf":{"@id":"https:\/\/pysamedioambiente.com\/#website"},"primaryImageOfPage":{"@id":"https:\/\/pysamedioambiente.com\/contacto\/#primaryimage"},"image":{"@id":"https:\/\/pysamedioambiente.com\/contacto\/#primaryimage"},"thumbnailUrl":"https:\/\/pysamedioambiente.com\/wp-content\/uploads\/2025\/11\/LocalizacionEM-300x149.png","datePublished":"2017-01-30T03:42:19+00:00","dateModified":"2025-11-18T19:20:09+00:00","description":"Contacta con Pysa Medioambiente para que estudiemos tus proyectos, asesoremos y\/o supervisemos tus obras e ingenier\u00edas.","breadcrumb":{"@id":"https:\/\/pysamedioambiente.com\/contacto\/#breadcrumb"},"inLanguage":"fr-FR","potentialAction":[{"@type":"ReadAction","target":["https:\/\/pysamedioambiente.com\/contacto\/"]}]},{"@type":"ImageObject","inLanguage":"fr-FR","@id":"https:\/\/pysamedioambiente.com\/contacto\/#primaryimage","url":"https:\/\/pysamedioambiente.com\/wp-content\/uploads\/2025\/11\/LocalizacionEM-300x149.png","contentUrl":"https:\/\/pysamedioambiente.com\/wp-content\/uploads\/2025\/11\/LocalizacionEM-300x149.png"},{"@type":"BreadcrumbList","@id":"https:\/\/pysamedioambiente.com\/contacto\/#breadcrumb","itemListElement":[{"@type":"ListItem","position":1,"name":"Portada","item":"https:\/\/pysamedioambiente.com\/"},{"@type":"ListItem","position":2,"name":"Contacto"}]},{"@type":"WebSite","@id":"https:\/\/pysamedioambiente.com\/#website","url":"https:\/\/pysamedioambiente.com\/","name":"PYSA medioambiente","description":"Ingenier\u00eda medioambiental","publisher":{"@id":"https:\/\/pysamedioambiente.com\/#organization"},"potentialAction":[{"@type":"SearchAction","target":{"@type":"EntryPoint","urlTemplate":"https:\/\/pysamedioambiente.com\/?s={search_term_string}"},"query-input":{"@type":"PropertyValueSpecification","valueRequired":true,"valueName":"search_term_string"}}],"inLanguage":"fr-FR"},{"@type":"Organization","@id":"https:\/\/pysamedioambiente.com\/#organization","name":"PYSA medioambiente","url":"https:\/\/pysamedioambiente.com\/","logo":{"@type":"ImageObject","inLanguage":"fr-FR","@id":"https:\/\/pysamedioambiente.com\/#\/schema\/logo\/image\/","url":"https:\/\/pysamedioambiente.com\/wp-content\/uploads\/2019\/07\/cropped-PysaSCL_LogoPT-1.png","contentUrl":"https:\/\/pysamedioambiente.com\/wp-content\/uploads\/2019\/07\/cropped-PysaSCL_LogoPT-1.png","width":245,"height":76,"caption":"PYSA medioambiente"},"image":{"@id":"https:\/\/pysamedioambiente.com\/#\/schema\/logo\/image\/"},"sameAs":["https:\/\/www.linkedin.com\/company\/pysa-medioambiente\/"]}]}},"_links":{"self":[{"href":"https:\/\/pysamedioambiente.com\/fr\/wp-json\/wp\/v2\/pages\/18","targetHints":{"allow":["GET"]}}],"collection":[{"href":"https:\/\/pysamedioambiente.com\/fr\/wp-json\/wp\/v2\/pages"}],"about":[{"href":"https:\/\/pysamedioambiente.com\/fr\/wp-json\/wp\/v2\/types\/page"}],"author":[{"embeddable":true,"href":"https:\/\/pysamedioambiente.com\/fr\/wp-json\/wp\/v2\/users\/1"}],"replies":[{"embeddable":true,"href":"https:\/\/pysamedioambiente.com\/fr\/wp-json\/wp\/v2\/comments?post=18"}],"version-history":[{"count":2,"href":"https:\/\/pysamedioambiente.com\/fr\/wp-json\/wp\/v2\/pages\/18\/revisions"}],"predecessor-version":[{"id":2456,"href":"https:\/\/pysamedioambiente.com\/fr\/wp-json\/wp\/v2\/pages\/18\/revisions\/2456"}],"wp:attachment":[{"href":"https:\/\/pysamedioambiente.com\/fr\/wp-json\/wp\/v2\/media?parent=18"}],"curies":[{"name":"wp","href":"https:\/\/api.w.org\/{rel}","templated":true}]}}