{"id":133,"date":"2017-01-30T03:39:51","date_gmt":"2017-01-30T03:39:51","guid":{"rendered":"https:\/\/demo.themegrill.com\/flash-construction-2\/?page_id=10"},"modified":"2021-04-15T12:50:07","modified_gmt":"2021-04-15T10:50:07","slug":"services","status":"publish","type":"page","link":"https:\/\/pysamedioambiente.com\/fr\/services\/","title":{"rendered":"Service de Livraison Services"},"content":{"rendered":"<div id=\"pl-133\"  class=\"panel-layout\" ><div id=\"pg-133-0\"  class=\"panel-grid panel-has-style\" ><div class=\"siteorigin-panels-stretch panel-row-style panel-row-style-for-133-0\" data-stretch-type=\"full\" ><div id=\"pgc-133-0-0\"  class=\"panel-grid-cell\" ><div id=\"panel-133-0-0-0\" class=\"so-panel widget widget_siteorigin-panels-builder panel-first-child panel-last-child\" data-index=\"0\" ><div id=\"pl-w60781a5f40876\"  class=\"panel-layout\" ><div id=\"pg-w60781a5f40876-0\"  class=\"panel-grid panel-no-style\" ><div id=\"pgc-w60781a5f40876-0-0\"  class=\"panel-grid-cell\" ><div id=\"panel-w60781a5f40876-0-0-0\" class=\"so-panel widget widget_themegrill_flash_heading tg-widget section-title-wrapper panel-first-child panel-last-child\" data-index=\"0\" >\t<h3 class=\"section-title\">CE QUE NOUS OFFRONS?<\/h3>\n<\/div><\/div><\/div><div id=\"pg-w60781a5f40876-1\"  class=\"panel-grid panel-has-style\" ><div class=\"panel-row-style panel-row-style-for-w60781a5f40876-1\" ><div id=\"pgc-w60781a5f40876-1-0\"  class=\"panel-grid-cell\" ><div id=\"panel-w60781a5f40876-1-0-0\" class=\"so-panel widget widget_text panel-first-child panel-last-child\" data-index=\"1\" >\t\t\t<div class=\"textwidget\"><p>PYSA s'est sp\u00e9cialis\u00e9 dans le secteur de l'ing\u00e9nierie environnementale, se pla\u00e7ant \u00e0 la pointe de l'ing\u00e9nierie nationale. Et collaborer avec les plus grandes entreprises espagnoles, dans des travaux et des projets, dans la p\u00e9ninsule et dans un grand nombre de pays sur diff\u00e9rents continents.<\/p><\/div>\n\t\t<\/div><\/div><\/div><\/div><div id=\"pg-w60781a5f40876-2\"  class=\"panel-grid panel-has-style\" ><div class=\"panel-row-style panel-row-style-for-w60781a5f40876-2\" ><div id=\"pgc-w60781a5f40876-2-0\"  class=\"panel-grid-cell\" ><div id=\"panel-w60781a5f40876-2-0-0\" class=\"so-panel widget widget_themegrill_flash_service tg-widget tg-single-service panel-first-child panel-last-child\" data-index=\"2\" >\n<div class=\"tg-service-widget tg-service-layout-1\">\n\t<div class=\"service-wrapper\">\n\t\t<div class=\"service-icon-title-wrapper clearfix\">\n\t\t\t\t\t\t<div class=\"service-icon-wrap\"><i class=\"fa fa-clipboard\"><\/i><\/div>\n\t\t\t\t\t\t\t\t\t\t\t\t<h3 class=\"service-title-wrap\">\n\t\t\t\tAPPELS D&#039;OFFRES\t\t\t\t\t\t\t<\/h3>\n\t\t\t\t\t<\/div>\n\t\t\t\t<div class=\"service-content-wrap\">Nous concevons les installations deman\u00e9es dans la documentation d'appel d'offres et d\u00e9veloppons tous les documents n\u00e9cessaires \u00e0 la phase d'appel d'offres. Nous devons et collaborons avec nos clients pour rendre l'offre la plus comp\u00e9titive possible.<\/div>\n\t\t\t\t\t<\/div>\n<\/div>\n<\/div><\/div><div id=\"pgc-w60781a5f40876-2-1\"  class=\"panel-grid-cell\" ><div id=\"panel-w60781a5f40876-2-1-0\" class=\"so-panel widget widget_themegrill_flash_service tg-widget tg-single-service panel-first-child panel-last-child\" data-index=\"3\" >\n<div class=\"tg-service-widget tg-service-layout-1\">\n\t<div class=\"service-wrapper\">\n\t\t<div class=\"service-icon-title-wrapper clearfix\">\n\t\t\t\t\t\t<div class=\"service-icon-wrap\"><i class=\"fa fa-building-o\"><\/i><\/div>\n\t\t\t\t\t\t\t\t\t\t\t\t<h3 class=\"service-title-wrap\">\n\t\t\t\tCONSTRUCTION\t\t\t\t\t\t\t<\/h3>\n\t\t\t\t\t<\/div>\n\t\t\t\t<div class=\"service-content-wrap\">Nous d\u00e9veloppons le projet de construction dans toutes ses activit\u00e9s. Nous d\u00e9finissons les travaux de g\u00e9nie civil et les b\u00e2timents en fonction des installations \u00e9lectrom\u00e9caniques qu'ils abriteront, en tenant compte des aspects d'assemblage, de maintenabilit\u00e9 et de s\u00e9curit\u00e9 du personnel qui travaillera dans l'usine.<\/div>\n\t\t\t\t\t<\/div>\n<\/div>\n<\/div><\/div><\/div><\/div><div id=\"pg-w60781a5f40876-3\"  class=\"panel-grid panel-has-style\" ><div class=\"panel-row-style panel-row-style-for-w60781a5f40876-3\" ><div id=\"pgc-w60781a5f40876-3-0\"  class=\"panel-grid-cell panel-grid-cell-empty\" ><\/div><div id=\"pgc-w60781a5f40876-3-1\"  class=\"panel-grid-cell panel-grid-cell-mobile-last\" ><div id=\"panel-w60781a5f40876-3-1-0\" class=\"so-panel widget widget_themegrill_flash_service tg-widget tg-single-service panel-first-child panel-last-child\" data-index=\"4\" >\n<div class=\"tg-service-widget tg-service-layout-1\">\n\t<div class=\"service-wrapper\">\n\t\t<div class=\"service-icon-title-wrapper clearfix\">\n\t\t\t\t\t\t<div class=\"service-icon-wrap\"><i class=\"fa fa-cogs\"><\/i><\/div>\n\t\t\t\t\t\t\t\t\t\t\t\t<h3 class=\"service-title-wrap\">\n\t\t\t\tL&#039;ING\u00c9NIERIE DE D\u00c9TAIL\t\t\t\t\t\t\t<\/h3>\n\t\t\t\t\t<\/div>\n\t\t\t\t<div class=\"service-content-wrap\"><p><b> L'ing\u00e9nierie de d\u00e9tail<\/b>  est l'aspect le plus d\u00e9cisif dans le d\u00e9veloppement des id\u00e9es qui ont servi de base au projet, initialement con\u00e7u comme des possibilit\u00e9s et qui \u00e0 ce stade deviennent quelque chose de r\u00e9el.<\/p>\n<p> Dans cette phase, nous d\u00e9finissons en d\u00e9tail chacun des composants ou pi\u00e8ces qui composent le syst\u00e8me \u00e9lectrom\u00e9canique et de contr\u00f4le et d'automatisation, d\u00e9velopp\u00e9 dans une s\u00e9rie de documents qui nous permettront de mettre le projet en pratique.<\/p><\/div>\n\t\t\t\t\t<\/div>\n<\/div>\n<\/div><\/div><div id=\"pgc-w60781a5f40876-3-2\"  class=\"panel-grid-cell panel-grid-cell-empty\" ><\/div><\/div><\/div><div id=\"pg-w60781a5f40876-4\"  class=\"panel-grid panel-no-style\" ><div id=\"pgc-w60781a5f40876-4-0\"  class=\"panel-grid-cell\" ><div id=\"panel-w60781a5f40876-4-0-0\" class=\"so-panel widget widget_themegrill_flash_image tg-widget tg-image-widget panel-first-child panel-last-child\" data-index=\"5\" >\t<img decoding=\"async\" data-src=\"https:\/\/pysamedioambiente.com\/wp-content\/uploads\/2021\/04\/Servicios.jpg\" src=\"data:image\/svg+xml;base64,PHN2ZyB3aWR0aD0iMSIgaGVpZ2h0PSIxIiB4bWxucz0iaHR0cDovL3d3dy53My5vcmcvMjAwMC9zdmciPjwvc3ZnPg==\" class=\"lazyload\" style=\"--smush-placeholder-width: 1500px; --smush-placeholder-aspect-ratio: 1500\/841;\" \/>\n<\/div><\/div><\/div><\/div><\/div><\/div><\/div><\/div><div id=\"pg-133-1\"  class=\"panel-grid panel-has-style\" ><div class=\"siteorigin-panels-stretch panel-row-style panel-row-style-for-133-1\" data-stretch-type=\"full\" ><div id=\"pgc-133-1-0\"  class=\"panel-grid-cell\" ><div id=\"panel-133-1-0-0\" class=\"so-panel widget widget_text panel-first-child panel-last-child\" data-index=\"1\" ><div class=\"flash_inherit_color panel-widget-style panel-widget-style-for-133-1-0-0\" ><h3 class=\"widget-title\">Pourquoi nous choisir?<\/h3>\t\t\t<div class=\"textwidget\"><p>Nous sommes une entreprise de r\u00e9f\u00e9rence dans le secteur de l&rsquo;environnement. Cela est d\u00e9montr\u00e9 par les projets que nous avons men\u00e9s depuis 1996<\/p>\n<\/div>\n\t\t<\/div><\/div><\/div><div id=\"pgc-133-1-1\"  class=\"panel-grid-cell\" ><div id=\"panel-133-1-1-0\" class=\"so-panel widget widget_themegrill_flash_counter tg-widget tg-single-counter panel-first-child panel-last-child\" data-index=\"2\" ><div class=\"flash_inherit_color panel-widget-style panel-widget-style-for-133-1-1-0\" ><div class=\"fun-facts-section\">\n\t<div class=\"tg-fun-facts-widget tg-fun-facts-layout-2\">\n\t\t<div class=\"fun-facts-wrapper\">\n\t\t\t\t\t\t\t\t\t<span class=\"counter-wrapper\"><span class=\"counter\">300<\/span><i class=\"fa fa-plus\"><\/i><\/span>\n\t\t\t\t\t\t\t\t\t<h3 class=\"fun-facts-title-wrap\">Traitement des eaux us\u00e9es<\/h3>\n\t\t\t\t\t<\/div>\n\t<\/div>\n<\/div>\n<\/div><\/div><\/div><div id=\"pgc-133-1-2\"  class=\"panel-grid-cell\" ><div id=\"panel-133-1-2-0\" class=\"so-panel widget widget_themegrill_flash_counter tg-widget tg-single-counter panel-first-child panel-last-child\" data-index=\"3\" ><div class=\"flash_inherit_color panel-widget-style panel-widget-style-for-133-1-2-0\" ><div class=\"fun-facts-section\">\n\t<div class=\"tg-fun-facts-widget tg-fun-facts-layout-2\">\n\t\t<div class=\"fun-facts-wrapper\">\n\t\t\t\t\t\t\t\t\t<span class=\"counter-wrapper\"><span class=\"counter\">50<\/span><i class=\"fa fa-plus\"><\/i><\/span>\n\t\t\t\t\t\t\t\t\t<h3 class=\"fun-facts-title-wrap\">Traitement des eaux potable<\/h3>\n\t\t\t\t\t<\/div>\n\t<\/div>\n<\/div>\n<\/div><\/div><\/div><div id=\"pgc-133-1-3\"  class=\"panel-grid-cell\" ><div id=\"panel-133-1-3-0\" class=\"so-panel widget widget_themegrill_flash_counter tg-widget tg-single-counter panel-first-child panel-last-child\" data-index=\"4\" ><div class=\"flash_inherit_color panel-widget-style panel-widget-style-for-133-1-3-0\" ><div class=\"fun-facts-section\">\n\t<div class=\"tg-fun-facts-widget tg-fun-facts-layout-2\">\n\t\t<div class=\"fun-facts-wrapper\">\n\t\t\t\t\t\t\t\t\t<span class=\"counter-wrapper\"><span class=\"counter\">80<\/span><i class=\"fa fa-plus\"><\/i><\/span>\n\t\t\t\t\t\t\t\t\t<h3 class=\"fun-facts-title-wrap\">Installations de Dessalement<\/h3>\n\t\t\t\t\t<\/div>\n\t<\/div>\n<\/div>\n<\/div><\/div><\/div><div id=\"pgc-133-1-4\"  class=\"panel-grid-cell\" ><div id=\"panel-133-1-4-0\" class=\"so-panel widget widget_themegrill_flash_counter tg-widget tg-single-counter panel-first-child panel-last-child\" data-index=\"5\" ><div class=\"flash_inherit_color panel-widget-style panel-widget-style-for-133-1-4-0\" ><div class=\"fun-facts-section\">\n\t<div class=\"tg-fun-facts-widget tg-fun-facts-layout-2\">\n\t\t<div class=\"fun-facts-wrapper\">\n\t\t\t\t\t\t\t\t\t<span class=\"counter-wrapper\"><span class=\"counter\">80<\/span><i class=\"fa fa-plus\"><\/i><\/span>\n\t\t\t\t\t\t\t\t\t<h3 class=\"fun-facts-title-wrap\">Autres Projets<\/h3>\n\t\t\t\t\t<\/div>\n\t<\/div>\n<\/div>\n<\/div><\/div><\/div><\/div><\/div><\/div>","protected":false},"excerpt":{"rendered":"<p>Nous sommes une entreprise de r\u00e9f\u00e9rence dans le secteur de l&rsquo;environnement. Cela est d\u00e9montr\u00e9 par les projets que nous avons [&hellip;]<\/p>\n","protected":false},"author":1,"featured_media":0,"parent":0,"menu_order":0,"comment_status":"closed","ping_status":"closed","template":"page-templates\/pagebuilder.php","meta":{"_monsterinsights_skip_tracking":false,"_monsterinsights_sitenote_active":false,"_monsterinsights_sitenote_note":"","_monsterinsights_sitenote_category":0,"_uf_show_specific_survey":0,"_uf_disable_surveys":false,"footnotes":""},"class_list":["post-133","page","type-page","status-publish","hentry"],"yoast_head":"<!-- This site is optimized with the Yoast SEO plugin v27.3 - https:\/\/yoast.com\/product\/yoast-seo-wordpress\/ -->\n<title>Service de Livraison Services - PYSA medioambiente<\/title>\n<meta name=\"robots\" content=\"index, follow, max-snippet:-1, max-image-preview:large, max-video-preview:-1\" \/>\n<link rel=\"canonical\" href=\"https:\/\/pysamedioambiente.com\/services\/\" \/>\n<meta property=\"og:locale\" content=\"fr_FR\" \/>\n<meta property=\"og:type\" content=\"article\" \/>\n<meta property=\"og:title\" content=\"Service de Livraison Services - PYSA medioambiente\" \/>\n<meta property=\"og:description\" content=\"Nous sommes une entreprise de r\u00e9f\u00e9rence dans le secteur de l&#039;environnement. Cela est d\u00e9montr\u00e9 par les projets que nous avons [&hellip;]\" \/>\n<meta property=\"og:url\" content=\"https:\/\/pysamedioambiente.com\/services\/\" \/>\n<meta property=\"og:site_name\" content=\"PYSA medioambiente\" \/>\n<meta property=\"article:modified_time\" content=\"2021-04-15T10:50:07+00:00\" \/>\n<meta name=\"twitter:card\" content=\"summary_large_image\" \/>\n<meta name=\"twitter:label1\" content=\"Dur\u00e9e de lecture estim\u00e9e\" \/>\n\t<meta name=\"twitter:data1\" content=\"1 minute\" \/>\n<script type=\"application\/ld+json\" class=\"yoast-schema-graph\">{\"@context\":\"https:\\\/\\\/schema.org\",\"@graph\":[{\"@type\":\"WebPage\",\"@id\":\"https:\\\/\\\/pysamedioambiente.com\\\/services\\\/\",\"url\":\"https:\\\/\\\/pysamedioambiente.com\\\/services\\\/\",\"name\":\"Service de Livraison Services - PYSA medioambiente\",\"isPartOf\":{\"@id\":\"https:\\\/\\\/pysamedioambiente.com\\\/#website\"},\"datePublished\":\"2017-01-30T03:39:51+00:00\",\"dateModified\":\"2021-04-15T10:50:07+00:00\",\"breadcrumb\":{\"@id\":\"https:\\\/\\\/pysamedioambiente.com\\\/services\\\/#breadcrumb\"},\"inLanguage\":\"fr-FR\",\"potentialAction\":[{\"@type\":\"ReadAction\",\"target\":[\"https:\\\/\\\/pysamedioambiente.com\\\/services\\\/\"]}]},{\"@type\":\"BreadcrumbList\",\"@id\":\"https:\\\/\\\/pysamedioambiente.com\\\/services\\\/#breadcrumb\",\"itemListElement\":[{\"@type\":\"ListItem\",\"position\":1,\"name\":\"Portada\",\"item\":\"https:\\\/\\\/pysamedioambiente.com\\\/\"},{\"@type\":\"ListItem\",\"position\":2,\"name\":\"Servicios\"}]},{\"@type\":\"WebSite\",\"@id\":\"https:\\\/\\\/pysamedioambiente.com\\\/#website\",\"url\":\"https:\\\/\\\/pysamedioambiente.com\\\/\",\"name\":\"PYSA medioambiente\",\"description\":\"Ingenier\u00eda medioambiental\",\"publisher\":{\"@id\":\"https:\\\/\\\/pysamedioambiente.com\\\/#organization\"},\"potentialAction\":[{\"@type\":\"SearchAction\",\"target\":{\"@type\":\"EntryPoint\",\"urlTemplate\":\"https:\\\/\\\/pysamedioambiente.com\\\/?s={search_term_string}\"},\"query-input\":{\"@type\":\"PropertyValueSpecification\",\"valueRequired\":true,\"valueName\":\"search_term_string\"}}],\"inLanguage\":\"fr-FR\"},{\"@type\":\"Organization\",\"@id\":\"https:\\\/\\\/pysamedioambiente.com\\\/#organization\",\"name\":\"PYSA medioambiente\",\"url\":\"https:\\\/\\\/pysamedioambiente.com\\\/\",\"logo\":{\"@type\":\"ImageObject\",\"inLanguage\":\"fr-FR\",\"@id\":\"https:\\\/\\\/pysamedioambiente.com\\\/#\\\/schema\\\/logo\\\/image\\\/\",\"url\":\"https:\\\/\\\/pysamedioambiente.com\\\/wp-content\\\/uploads\\\/2019\\\/07\\\/cropped-PysaSCL_LogoPT-1.png\",\"contentUrl\":\"https:\\\/\\\/pysamedioambiente.com\\\/wp-content\\\/uploads\\\/2019\\\/07\\\/cropped-PysaSCL_LogoPT-1.png\",\"width\":245,\"height\":76,\"caption\":\"PYSA medioambiente\"},\"image\":{\"@id\":\"https:\\\/\\\/pysamedioambiente.com\\\/#\\\/schema\\\/logo\\\/image\\\/\"},\"sameAs\":[\"https:\\\/\\\/www.linkedin.com\\\/company\\\/pysa-medioambiente\\\/\"]}]}<\/script>\n<!-- \/ Yoast SEO plugin. -->","yoast_head_json":{"title":"Service de Livraison Services - PYSA medioambiente","robots":{"index":"index","follow":"follow","max-snippet":"max-snippet:-1","max-image-preview":"max-image-preview:large","max-video-preview":"max-video-preview:-1"},"canonical":"https:\/\/pysamedioambiente.com\/services\/","og_locale":"fr_FR","og_type":"article","og_title":"Service de Livraison Services - PYSA medioambiente","og_description":"Nous sommes une entreprise de r\u00e9f\u00e9rence dans le secteur de l'environnement. Cela est d\u00e9montr\u00e9 par les projets que nous avons [&hellip;]","og_url":"https:\/\/pysamedioambiente.com\/services\/","og_site_name":"PYSA medioambiente","article_modified_time":"2021-04-15T10:50:07+00:00","twitter_card":"summary_large_image","twitter_misc":{"Dur\u00e9e de lecture estim\u00e9e":"1 minute"},"schema":{"@context":"https:\/\/schema.org","@graph":[{"@type":"WebPage","@id":"https:\/\/pysamedioambiente.com\/services\/","url":"https:\/\/pysamedioambiente.com\/services\/","name":"Service de Livraison Services - PYSA medioambiente","isPartOf":{"@id":"https:\/\/pysamedioambiente.com\/#website"},"datePublished":"2017-01-30T03:39:51+00:00","dateModified":"2021-04-15T10:50:07+00:00","breadcrumb":{"@id":"https:\/\/pysamedioambiente.com\/services\/#breadcrumb"},"inLanguage":"fr-FR","potentialAction":[{"@type":"ReadAction","target":["https:\/\/pysamedioambiente.com\/services\/"]}]},{"@type":"BreadcrumbList","@id":"https:\/\/pysamedioambiente.com\/services\/#breadcrumb","itemListElement":[{"@type":"ListItem","position":1,"name":"Portada","item":"https:\/\/pysamedioambiente.com\/"},{"@type":"ListItem","position":2,"name":"Servicios"}]},{"@type":"WebSite","@id":"https:\/\/pysamedioambiente.com\/#website","url":"https:\/\/pysamedioambiente.com\/","name":"PYSA medioambiente","description":"Ingenier\u00eda medioambiental","publisher":{"@id":"https:\/\/pysamedioambiente.com\/#organization"},"potentialAction":[{"@type":"SearchAction","target":{"@type":"EntryPoint","urlTemplate":"https:\/\/pysamedioambiente.com\/?s={search_term_string}"},"query-input":{"@type":"PropertyValueSpecification","valueRequired":true,"valueName":"search_term_string"}}],"inLanguage":"fr-FR"},{"@type":"Organization","@id":"https:\/\/pysamedioambiente.com\/#organization","name":"PYSA medioambiente","url":"https:\/\/pysamedioambiente.com\/","logo":{"@type":"ImageObject","inLanguage":"fr-FR","@id":"https:\/\/pysamedioambiente.com\/#\/schema\/logo\/image\/","url":"https:\/\/pysamedioambiente.com\/wp-content\/uploads\/2019\/07\/cropped-PysaSCL_LogoPT-1.png","contentUrl":"https:\/\/pysamedioambiente.com\/wp-content\/uploads\/2019\/07\/cropped-PysaSCL_LogoPT-1.png","width":245,"height":76,"caption":"PYSA medioambiente"},"image":{"@id":"https:\/\/pysamedioambiente.com\/#\/schema\/logo\/image\/"},"sameAs":["https:\/\/www.linkedin.com\/company\/pysa-medioambiente\/"]}]}},"_links":{"self":[{"href":"https:\/\/pysamedioambiente.com\/fr\/wp-json\/wp\/v2\/pages\/133","targetHints":{"allow":["GET"]}}],"collection":[{"href":"https:\/\/pysamedioambiente.com\/fr\/wp-json\/wp\/v2\/pages"}],"about":[{"href":"https:\/\/pysamedioambiente.com\/fr\/wp-json\/wp\/v2\/types\/page"}],"author":[{"embeddable":true,"href":"https:\/\/pysamedioambiente.com\/fr\/wp-json\/wp\/v2\/users\/1"}],"replies":[{"embeddable":true,"href":"https:\/\/pysamedioambiente.com\/fr\/wp-json\/wp\/v2\/comments?post=133"}],"version-history":[{"count":0,"href":"https:\/\/pysamedioambiente.com\/fr\/wp-json\/wp\/v2\/pages\/133\/revisions"}],"wp:attachment":[{"href":"https:\/\/pysamedioambiente.com\/fr\/wp-json\/wp\/v2\/media?parent=133"}],"curies":[{"name":"wp","href":"https:\/\/api.w.org\/{rel}","templated":true}]}}