{"id":132,"date":"2017-01-30T03:39:36","date_gmt":"2017-01-30T03:39:36","guid":{"rendered":"https:\/\/demo.themegrill.com\/flash-construction-2\/?page_id=8"},"modified":"2024-08-20T11:40:32","modified_gmt":"2024-08-20T09:40:32","slug":"about","status":"publish","type":"page","link":"https:\/\/pysamedioambiente.com\/fr\/about\/","title":{"rendered":"Entreprise"},"content":{"rendered":"<div id=\"pl-132\"  class=\"panel-layout\" ><div id=\"pg-132-0\"  class=\"panel-grid panel-has-style\" ><div class=\"siteorigin-panels-stretch panel-row-style panel-row-style-for-132-0\" data-stretch-type=\"full\" ><div id=\"pgc-132-0-0\"  class=\"panel-grid-cell\" ><div id=\"panel-132-0-0-0\" class=\"so-panel widget widget_siteorigin-panels-builder panel-first-child panel-last-child\" data-index=\"0\" ><div id=\"pl-w66c4619f18e79\"  class=\"panel-layout\" ><div id=\"pg-w66c4619f18e79-0\"  class=\"panel-grid panel-no-style\" ><div id=\"pgc-w66c4619f18e79-0-0\"  class=\"panel-grid-cell\" ><div id=\"panel-w66c4619f18e79-0-0-0\" class=\"so-panel widget widget_themegrill_flash_heading tg-widget section-title-wrapper panel-first-child\" data-index=\"0\" >\t<h3 class=\"section-title\">PYSA medioambiente<\/h3>\n<\/div><div id=\"panel-w66c4619f18e79-0-0-1\" class=\"so-panel widget widget_text panel-last-child\" data-index=\"1\" >\t\t\t<div class=\"textwidget\"><p>Diff\u00e9rents professionnels, issus d'entreprises leaders du secteur de l'ing\u00e9nierie environnementale, ont uni leurs efforts pour cr\u00e9er, au milieu des ann\u00e9es 90,<b>PYSA MEDIOAMBIENTE SCL<\/b>, une entreprise qui allie l'exp\u00e9rience accumul\u00e9e de son \u00e9quipe humaine, avec l'exploitation d'une ing\u00e9nierie moderne, capable et \u00e0 la pointe de la technique.<\/p><\/div>\n\t\t<\/div><\/div><\/div><div id=\"pg-w66c4619f18e79-1\"  class=\"panel-grid panel-no-style\" ><div id=\"pgc-w66c4619f18e79-1-0\"  class=\"panel-grid-cell\" ><div id=\"panel-w66c4619f18e79-1-0-0\" class=\"so-panel widget widget_themegrill_flash_image tg-widget tg-image-widget panel-first-child panel-last-child\" data-index=\"2\" >\t<img decoding=\"async\" data-src=\"https:\/\/pysamedioambiente.com\/wp-content\/uploads\/2019\/06\/Nosotros0002.jpg\" src=\"data:image\/svg+xml;base64,PHN2ZyB3aWR0aD0iMSIgaGVpZ2h0PSIxIiB4bWxucz0iaHR0cDovL3d3dy53My5vcmcvMjAwMC9zdmciPjwvc3ZnPg==\" class=\"lazyload\" style=\"--smush-placeholder-width: 3024px; --smush-placeholder-aspect-ratio: 3024\/4032;\" \/>\n<\/div><\/div><div id=\"pgc-w66c4619f18e79-1-1\"  class=\"panel-grid-cell\" ><div id=\"panel-w66c4619f18e79-1-1-0\" class=\"so-panel widget widget_themegrill_flash_image tg-widget tg-image-widget panel-first-child\" data-index=\"3\" >\t<img decoding=\"async\" data-src=\"https:\/\/pysamedioambiente.com\/wp-content\/uploads\/2019\/06\/Nosotros0001-e1561643073851.jpg\" src=\"data:image\/svg+xml;base64,PHN2ZyB3aWR0aD0iMSIgaGVpZ2h0PSIxIiB4bWxucz0iaHR0cDovL3d3dy53My5vcmcvMjAwMC9zdmciPjwvc3ZnPg==\" class=\"lazyload\" style=\"--smush-placeholder-width: 4001px; --smush-placeholder-aspect-ratio: 4001\/2499;\" \/>\n<\/div><div id=\"panel-w66c4619f18e79-1-1-1\" class=\"so-panel widget widget_themegrill_flash_image tg-widget tg-image-widget panel-last-child\" data-index=\"4\" ><div class=\"panel-widget-style panel-widget-style-for-w66c4619f18e79-1-1-1\" >\t<img decoding=\"async\" data-src=\"https:\/\/pysamedioambiente.com\/wp-content\/uploads\/2019\/06\/Nosotros0003-e1561643110650.jpg\" src=\"data:image\/svg+xml;base64,PHN2ZyB3aWR0aD0iMSIgaGVpZ2h0PSIxIiB4bWxucz0iaHR0cDovL3d3dy53My5vcmcvMjAwMC9zdmciPjwvc3ZnPg==\" class=\"lazyload\" style=\"--smush-placeholder-width: 4001px; --smush-placeholder-aspect-ratio: 4001\/2499;\" \/>\n<\/div><\/div><\/div><\/div><div id=\"pg-w66c4619f18e79-2\"  class=\"panel-grid panel-has-style\" ><div class=\"panel-row-style panel-row-style-for-w66c4619f18e79-2\" ><div id=\"pgc-w66c4619f18e79-2-0\"  class=\"panel-grid-cell\" ><div id=\"panel-w66c4619f18e79-2-0-0\" class=\"so-panel widget widget_text panel-first-child panel-last-child\" data-index=\"5\" >\t\t\t<div class=\"textwidget\"><p>L'un des principaux objectifs est d'apporter leurs propres connaissances pour atteindre un environnement en parfait \u00e9quilibre, ainsi qu'une meilleure qualit\u00e9 de vie pour les personnes, le tout sans perdre de vue une utilisation ordonn\u00e9e des ressources naturelles dont nous disposons. Une dynamique qui, pour le bien de tous, atteint chaque jour des niveaux plus \u00e9lev\u00e9s.<\/p>\n<p>Fid\u00e8le \u00e0 ce slogan, PYSA propose un service complet qui int\u00e8gre la conception des installations, tant pour le traitement des eaux que pour le traitement des d\u00e9chets solides, de l'appel d'offres \u00e0 l'\u00e9laboration de l'ing\u00e9nierie de d\u00e9tail, en passant par la conception de la construction.<\/p><\/div>\n\t\t<\/div><\/div><\/div><\/div><div id=\"pg-w66c4619f18e79-3\"  class=\"panel-grid panel-no-style\" ><div id=\"pgc-w66c4619f18e79-3-0\"  class=\"panel-grid-cell\" ><div id=\"panel-w66c4619f18e79-3-0-0\" class=\"so-panel widget widget_themegrill_flash_service tg-widget tg-single-service panel-first-child panel-last-child\" data-index=\"6\" >\n<div class=\"tg-service-widget tg-service-layout-1\">\n\t<div class=\"service-wrapper\">\n\t\t<div class=\"service-icon-title-wrapper clearfix\">\n\t\t\t\t\t\t\t\t\t<figure class=\"service-image-wrap\"><img decoding=\"async\" data-src=\"https:\/\/pysamedioambiente.com\/wp-content\/uploads\/2019\/07\/Oficina001.jpg\" src=\"data:image\/svg+xml;base64,PHN2ZyB3aWR0aD0iMSIgaGVpZ2h0PSIxIiB4bWxucz0iaHR0cDovL3d3dy53My5vcmcvMjAwMC9zdmciPjwvc3ZnPg==\" class=\"lazyload\" style=\"--smush-placeholder-width: 1920px; --smush-placeholder-aspect-ratio: 1920\/800;\" \/><\/figure>\n\t\t\t\t\t\t\t\t\t<h3 class=\"service-title-wrap\">\n\t\t\t\t\t\t\t\t<a href=\"https:\/\/pysamedioambiente.com\/services\/\">\n\t\t\t\tQue faisons nous?\t\t\t\t\t\t\t\t<\/a>\n\t\t\t\t\t\t\t<\/h3>\n\t\t\t\t\t<\/div>\n\t\t\t\t<div class=\"service-content-wrap\">Nous nous consacrons \u00e0 la conception de stations d'\u00e9puration et de d\u00e9chets urbains solides. Le premier groupe comprend les usines de <b>dessalement<\/b> d'eau de mer et d'eau saum\u00e2tre, les stations d'\u00e9puration <b>d'eau potable<\/b> ou d'irrigation, les stations d'\u00e9puration urbaines ou industrielles ... Dans le second groupe, nous nous occupons de la conception de stations d'\u00e9puration des <b>eaux us\u00e9es citoyennes.<\/b><\/div>\n\t\t\t\t\t\t<a class=\"service-more\" href=\"https:\/\/pysamedioambiente.com\/services\/\">leer m\u00e1s ...<\/a>\n\t\t\t<\/div>\n<\/div>\n<\/div><\/div><div id=\"pgc-w66c4619f18e79-3-1\"  class=\"panel-grid-cell\" ><div id=\"panel-w66c4619f18e79-3-1-0\" class=\"so-panel widget widget_themegrill_flash_service tg-widget tg-single-service panel-first-child panel-last-child\" data-index=\"7\" >\n<div class=\"tg-service-widget tg-service-layout-1\">\n\t<div class=\"service-wrapper\">\n\t\t<div class=\"service-icon-title-wrapper clearfix\">\n\t\t\t\t\t\t\t\t\t<figure class=\"service-image-wrap\"><img decoding=\"async\" data-src=\"https:\/\/pysamedioambiente.com\/wp-content\/uploads\/2019\/07\/Oficina002.jpg\" src=\"data:image\/svg+xml;base64,PHN2ZyB3aWR0aD0iMSIgaGVpZ2h0PSIxIiB4bWxucz0iaHR0cDovL3d3dy53My5vcmcvMjAwMC9zdmciPjwvc3ZnPg==\" class=\"lazyload\" style=\"--smush-placeholder-width: 1920px; --smush-placeholder-aspect-ratio: 1920\/800;\" \/><\/figure>\n\t\t\t\t\t\t\t\t\t<h3 class=\"service-title-wrap\">\n\t\t\t\t\t\t\t\t<a href=\"https:\/\/pysamedioambiente.com\/services\/\">\n\t\t\t\tnos clients\t\t\t\t\t\t\t\t<\/a>\n\t\t\t\t\t\t\t<\/h3>\n\t\t\t\t\t<\/div>\n\t\t\t\t<div class=\"service-content-wrap\">Nous avons travaill\u00e9 pour diff\u00e9rentes administrations publiques dans la r\u00e9daction des conditions g\u00e9n\u00e9rales d'appel d'offres, ainsi que dans l'analyse et la revue des offres re\u00e7ues des diff\u00e9rents soumissionnaires.\nNous travaillons pour des entreprises de construction de prestige av\u00e9r\u00e9, tant national qu'international, r\u00e9alisant des <b>projets d'appel d'offres<\/b>, des projets de <b>construction et d'ing\u00e9nierie d\u00e9taill\u00e9e<\/b>, accompagnant nos clients du d\u00e9but du projet dans la phase d'appel d'offres jusqu'\u00e0 la conception finale pour l'assemblage des installations.<\/div>\n\t\t\t\t\t\t<a class=\"service-more\" href=\"https:\/\/pysamedioambiente.com\/services\/\">Leer m\u00e1s ...<\/a>\n\t\t\t<\/div>\n<\/div>\n<\/div><\/div><\/div><div id=\"pg-w66c4619f18e79-4\"  class=\"panel-grid panel-no-style\" ><div id=\"pgc-w66c4619f18e79-4-0\"  class=\"panel-grid-cell\" ><div id=\"panel-w66c4619f18e79-4-0-0\" class=\"so-panel widget widget_themegrill_flash_heading tg-widget section-title-wrapper panel-first-child\" data-index=\"8\" >\t<h3 class=\"section-title\">\u00c9QUIPE HUMAINE<\/h3>\n<\/div><div id=\"panel-w66c4619f18e79-4-0-1\" class=\"so-panel widget widget_text\" data-index=\"9\" >\t\t\t<div class=\"textwidget\"><p><\/p>\n<\/div>\n\t\t<\/div><div id=\"panel-w66c4619f18e79-4-0-6\" class=\"so-panel widget widget_themegrill_flash_image tg-widget tg-image-widget\" data-index=\"14\" >\t<img decoding=\"async\" data-src=\"https:\/\/pysamedioambiente.com\/wp-content\/uploads\/2019\/08\/ConjuntoFr.png\" src=\"data:image\/svg+xml;base64,PHN2ZyB3aWR0aD0iMSIgaGVpZ2h0PSIxIiB4bWxucz0iaHR0cDovL3d3dy53My5vcmcvMjAwMC9zdmciPjwvc3ZnPg==\" class=\"lazyload\" style=\"--smush-placeholder-width: 1920px; --smush-placeholder-aspect-ratio: 1920\/1113;\" \/>\n<\/div><div id=\"panel-w66c4619f18e79-4-0-7\" class=\"so-panel widget widget_text\" data-index=\"15\" >\t\t\t<div class=\"textwidget\"><p><\/p>\n<\/div>\n\t\t<\/div><div id=\"panel-w66c4619f18e79-4-0-8\" class=\"so-panel widget widget_text\" data-index=\"16\" >\t\t\t<div class=\"textwidget\"><p><strong>Partenariat avec<\/strong><\/p>\n<\/div>\n\t\t<\/div><div id=\"panel-w66c4619f18e79-4-0-9\" class=\"so-panel widget widget_themegrill_flash_image tg-widget tg-image-widget panel-last-child\" data-index=\"17\" >\t<a href=\"https:\/\/tecniberia.es\/\"><img decoding=\"async\" data-src=\"https:\/\/pysamedioambiente.com\/wp-content\/uploads\/2024\/08\/TecniberiaLogo05.png\" src=\"data:image\/svg+xml;base64,PHN2ZyB3aWR0aD0iMSIgaGVpZ2h0PSIxIiB4bWxucz0iaHR0cDovL3d3dy53My5vcmcvMjAwMC9zdmciPjwvc3ZnPg==\" class=\"lazyload\" style=\"--smush-placeholder-width: 500px; --smush-placeholder-aspect-ratio: 500\/168;\" \/><\/a>\n<\/div><\/div><\/div><\/div><\/div><\/div><\/div><\/div><div id=\"pg-132-1\"  class=\"panel-grid panel-has-style\" ><div class=\"siteorigin-panels-stretch panel-row-style panel-row-style-for-132-1\" data-stretch-type=\"full\" ><div id=\"pgc-132-1-0\"  class=\"panel-grid-cell\" ><div id=\"panel-132-1-0-0\" class=\"so-panel widget widget_themegrill_flash_cta tg-widget call-to-action-section panel-first-child panel-last-child\" data-index=\"1\" ><div class=\"panel-widget-style panel-widget-style-for-132-1-0-0\" ><div class=\"cta-wrapper call-to-action-section-layout-2\">\n\t<div class=\"section-title-wrapper\">\n\t\t\t\t<h3 class=\"section-title\">PR\u00caT \u00c0 \u00caTRE NOTRE CLIENT?<\/h3>\n\t\t\t<\/div>\n\t\t<div class=\"btn-wrapper\">\n\t\t\t\t<a class=\"btn\" href=\"https:\/\/pysamedioambiente.com\/contacto\/\">Contact<\/a>\n\t\t\t\t\t<\/div>\n\t<\/div>\n<\/div><\/div><\/div><\/div><\/div><\/div>","protected":false},"excerpt":{"rendered":"<p>PYSA medioambiente Diff\u00e9rents professionnels, issus d&rsquo;entreprises leaders du secteur de l&rsquo;ing\u00e9nierie environnementale, ont uni leurs efforts pour cr\u00e9er, au milieu [&hellip;]<\/p>\n","protected":false},"author":1,"featured_media":0,"parent":0,"menu_order":0,"comment_status":"closed","ping_status":"closed","template":"page-templates\/pagebuilder.php","meta":{"_monsterinsights_skip_tracking":false,"_monsterinsights_sitenote_active":false,"_monsterinsights_sitenote_note":"","_monsterinsights_sitenote_category":0,"_uf_show_specific_survey":0,"_uf_disable_surveys":false,"footnotes":""},"class_list":["post-132","page","type-page","status-publish","hentry"],"yoast_head":"<!-- This site is optimized with the Yoast SEO plugin v26.1.1 - https:\/\/yoast.com\/wordpress\/plugins\/seo\/ -->\n<title>Entreprise - PYSA medioambiente<\/title>\n<meta name=\"description\" content=\"(Espa\u00f1ol) Diferentes profesionales unimos nuestra experiencia para lograr nuestro objetivo, un medioambiente en perfecto equilibrio.\" \/>\n<meta name=\"robots\" content=\"index, follow, max-snippet:-1, max-image-preview:large, max-video-preview:-1\" \/>\n<link rel=\"canonical\" href=\"https:\/\/pysamedioambiente.com\/about\/\" \/>\n<meta property=\"og:locale\" content=\"fr_FR\" \/>\n<meta property=\"og:type\" content=\"article\" \/>\n<meta property=\"og:title\" content=\"Entreprise - PYSA medioambiente\" \/>\n<meta property=\"og:description\" content=\"{:es}Diferentes profesionales unimos nuestra experiencia para lograr nuestro objetivo, un medioambiente en perfecto equilibrio.{:}\" \/>\n<meta property=\"og:url\" content=\"https:\/\/pysamedioambiente.com\/about\/\" \/>\n<meta property=\"og:site_name\" content=\"PYSA medioambiente\" \/>\n<meta property=\"article:modified_time\" content=\"2024-08-20T09:40:32+00:00\" \/>\n<meta name=\"twitter:card\" content=\"summary_large_image\" \/>\n<meta name=\"twitter:label1\" content=\"Dur\u00e9e de lecture estim\u00e9e\" \/>\n\t<meta name=\"twitter:data1\" content=\"6 minutes\" \/>\n<script type=\"application\/ld+json\" class=\"yoast-schema-graph\">{\"@context\":\"https:\/\/schema.org\",\"@graph\":[{\"@type\":\"WebPage\",\"@id\":\"https:\/\/pysamedioambiente.com\/about\/\",\"url\":\"https:\/\/pysamedioambiente.com\/about\/\",\"name\":\"Entreprise - PYSA medioambiente\",\"isPartOf\":{\"@id\":\"https:\/\/pysamedioambiente.com\/#website\"},\"datePublished\":\"2017-01-30T03:39:36+00:00\",\"dateModified\":\"2024-08-20T09:40:32+00:00\",\"description\":\"{:es}Diferentes profesionales unimos nuestra experiencia para lograr nuestro objetivo, un medioambiente en perfecto equilibrio.{:}\",\"breadcrumb\":{\"@id\":\"https:\/\/pysamedioambiente.com\/about\/#breadcrumb\"},\"inLanguage\":\"fr-FR\",\"potentialAction\":[{\"@type\":\"ReadAction\",\"target\":[\"https:\/\/pysamedioambiente.com\/about\/\"]}]},{\"@type\":\"BreadcrumbList\",\"@id\":\"https:\/\/pysamedioambiente.com\/about\/#breadcrumb\",\"itemListElement\":[{\"@type\":\"ListItem\",\"position\":1,\"name\":\"Portada\",\"item\":\"https:\/\/pysamedioambiente.com\/\"},{\"@type\":\"ListItem\",\"position\":2,\"name\":\"Nosotros\"}]},{\"@type\":\"WebSite\",\"@id\":\"https:\/\/pysamedioambiente.com\/#website\",\"url\":\"https:\/\/pysamedioambiente.com\/\",\"name\":\"PYSA medioambiente\",\"description\":\"Ingenier\u00eda medioambiental\",\"publisher\":{\"@id\":\"https:\/\/pysamedioambiente.com\/#organization\"},\"potentialAction\":[{\"@type\":\"SearchAction\",\"target\":{\"@type\":\"EntryPoint\",\"urlTemplate\":\"https:\/\/pysamedioambiente.com\/?s={search_term_string}\"},\"query-input\":{\"@type\":\"PropertyValueSpecification\",\"valueRequired\":true,\"valueName\":\"search_term_string\"}}],\"inLanguage\":\"fr-FR\"},{\"@type\":\"Organization\",\"@id\":\"https:\/\/pysamedioambiente.com\/#organization\",\"name\":\"PYSA medioambiente\",\"url\":\"https:\/\/pysamedioambiente.com\/\",\"logo\":{\"@type\":\"ImageObject\",\"inLanguage\":\"fr-FR\",\"@id\":\"https:\/\/pysamedioambiente.com\/#\/schema\/logo\/image\/\",\"url\":\"https:\/\/pysamedioambiente.com\/wp-content\/uploads\/2019\/07\/cropped-PysaSCL_LogoPT-1.png\",\"contentUrl\":\"https:\/\/pysamedioambiente.com\/wp-content\/uploads\/2019\/07\/cropped-PysaSCL_LogoPT-1.png\",\"width\":245,\"height\":76,\"caption\":\"PYSA medioambiente\"},\"image\":{\"@id\":\"https:\/\/pysamedioambiente.com\/#\/schema\/logo\/image\/\"},\"sameAs\":[\"https:\/\/www.linkedin.com\/company\/pysa-medioambiente\/\"]}]}<\/script>\n<!-- \/ Yoast SEO plugin. -->","yoast_head_json":{"title":"Entreprise - PYSA medioambiente","description":"(Espa\u00f1ol) Diferentes profesionales unimos nuestra experiencia para lograr nuestro objetivo, un medioambiente en perfecto equilibrio.","robots":{"index":"index","follow":"follow","max-snippet":"max-snippet:-1","max-image-preview":"max-image-preview:large","max-video-preview":"max-video-preview:-1"},"canonical":"https:\/\/pysamedioambiente.com\/about\/","og_locale":"fr_FR","og_type":"article","og_title":"Entreprise - PYSA medioambiente","og_description":"{:es}Diferentes profesionales unimos nuestra experiencia para lograr nuestro objetivo, un medioambiente en perfecto equilibrio.{:}","og_url":"https:\/\/pysamedioambiente.com\/about\/","og_site_name":"PYSA medioambiente","article_modified_time":"2024-08-20T09:40:32+00:00","twitter_card":"summary_large_image","twitter_misc":{"Dur\u00e9e de lecture estim\u00e9e":"6 minutes"},"schema":{"@context":"https:\/\/schema.org","@graph":[{"@type":"WebPage","@id":"https:\/\/pysamedioambiente.com\/about\/","url":"https:\/\/pysamedioambiente.com\/about\/","name":"Entreprise - PYSA medioambiente","isPartOf":{"@id":"https:\/\/pysamedioambiente.com\/#website"},"datePublished":"2017-01-30T03:39:36+00:00","dateModified":"2024-08-20T09:40:32+00:00","description":"{:es}Diferentes profesionales unimos nuestra experiencia para lograr nuestro objetivo, un medioambiente en perfecto equilibrio.{:}","breadcrumb":{"@id":"https:\/\/pysamedioambiente.com\/about\/#breadcrumb"},"inLanguage":"fr-FR","potentialAction":[{"@type":"ReadAction","target":["https:\/\/pysamedioambiente.com\/about\/"]}]},{"@type":"BreadcrumbList","@id":"https:\/\/pysamedioambiente.com\/about\/#breadcrumb","itemListElement":[{"@type":"ListItem","position":1,"name":"Portada","item":"https:\/\/pysamedioambiente.com\/"},{"@type":"ListItem","position":2,"name":"Nosotros"}]},{"@type":"WebSite","@id":"https:\/\/pysamedioambiente.com\/#website","url":"https:\/\/pysamedioambiente.com\/","name":"PYSA medioambiente","description":"Ingenier\u00eda medioambiental","publisher":{"@id":"https:\/\/pysamedioambiente.com\/#organization"},"potentialAction":[{"@type":"SearchAction","target":{"@type":"EntryPoint","urlTemplate":"https:\/\/pysamedioambiente.com\/?s={search_term_string}"},"query-input":{"@type":"PropertyValueSpecification","valueRequired":true,"valueName":"search_term_string"}}],"inLanguage":"fr-FR"},{"@type":"Organization","@id":"https:\/\/pysamedioambiente.com\/#organization","name":"PYSA medioambiente","url":"https:\/\/pysamedioambiente.com\/","logo":{"@type":"ImageObject","inLanguage":"fr-FR","@id":"https:\/\/pysamedioambiente.com\/#\/schema\/logo\/image\/","url":"https:\/\/pysamedioambiente.com\/wp-content\/uploads\/2019\/07\/cropped-PysaSCL_LogoPT-1.png","contentUrl":"https:\/\/pysamedioambiente.com\/wp-content\/uploads\/2019\/07\/cropped-PysaSCL_LogoPT-1.png","width":245,"height":76,"caption":"PYSA medioambiente"},"image":{"@id":"https:\/\/pysamedioambiente.com\/#\/schema\/logo\/image\/"},"sameAs":["https:\/\/www.linkedin.com\/company\/pysa-medioambiente\/"]}]}},"_links":{"self":[{"href":"https:\/\/pysamedioambiente.com\/fr\/wp-json\/wp\/v2\/pages\/132","targetHints":{"allow":["GET"]}}],"collection":[{"href":"https:\/\/pysamedioambiente.com\/fr\/wp-json\/wp\/v2\/pages"}],"about":[{"href":"https:\/\/pysamedioambiente.com\/fr\/wp-json\/wp\/v2\/types\/page"}],"author":[{"embeddable":true,"href":"https:\/\/pysamedioambiente.com\/fr\/wp-json\/wp\/v2\/users\/1"}],"replies":[{"embeddable":true,"href":"https:\/\/pysamedioambiente.com\/fr\/wp-json\/wp\/v2\/comments?post=132"}],"version-history":[{"count":4,"href":"https:\/\/pysamedioambiente.com\/fr\/wp-json\/wp\/v2\/pages\/132\/revisions"}],"predecessor-version":[{"id":2027,"href":"https:\/\/pysamedioambiente.com\/fr\/wp-json\/wp\/v2\/pages\/132\/revisions\/2027"}],"wp:attachment":[{"href":"https:\/\/pysamedioambiente.com\/fr\/wp-json\/wp\/v2\/media?parent=132"}],"curies":[{"name":"wp","href":"https:\/\/api.w.org\/{rel}","templated":true}]}}