{"id":1100,"date":"2020-03-02T14:21:39","date_gmt":"2020-03-02T13:21:39","guid":{"rendered":"https:\/\/pysamedioambiente.com\/?page_id=1100"},"modified":"2020-03-05T17:08:17","modified_gmt":"2020-03-05T16:08:17","slug":"pysa","status":"publish","type":"page","link":"https:\/\/pysamedioambiente.com\/en\/","title":{"rendered":"PYSA"},"content":{"rendered":"<div id=\"pl-1100\"  class=\"panel-layout\" ><div id=\"pg-1100-0\"  class=\"panel-grid panel-has-style\" ><div class=\"siteorigin-panels-stretch panel-row-style panel-row-style-for-1100-0\" data-stretch-type=\"full\" ><div id=\"pgc-1100-0-0\"  class=\"panel-grid-cell\" ><div id=\"panel-1100-0-0-0\" class=\"so-panel widget widget_siteorigin-panels-builder panel-first-child panel-last-child\" data-index=\"0\" ><div id=\"pl-w5e611f3c37c62\"  class=\"panel-layout\" ><div id=\"pg-w5e611f3c37c62-0\"  class=\"panel-grid panel-has-style\" ><div class=\"panel-row-style panel-row-style-for-w5e611f3c37c62-0\" ><div id=\"pgc-w5e611f3c37c62-0-0\"  class=\"panel-grid-cell panel-grid-cell-empty\" ><\/div><\/div><\/div><div id=\"pg-w5e611f3c37c62-1\"  class=\"panel-grid panel-no-style\" ><div id=\"pgc-w5e611f3c37c62-1-0\"  class=\"panel-grid-cell panel-grid-cell-empty\" ><\/div><div id=\"pgc-w5e611f3c37c62-1-1\"  class=\"panel-grid-cell panel-grid-cell-mobile-last\" ><div id=\"panel-w5e611f3c37c62-1-1-0\" class=\"so-panel widget widget_themegrill_flash_image tg-widget tg-image-widget panel-first-child\" data-index=\"0\" >\t<a href=\"https:\/\/pysamedioambiente.com\/\"><img decoding=\"async\" data-src=\"https:\/\/pysamedioambiente.com\/wp-content\/uploads\/2020\/02\/PysaSolidoW.png\" src=\"data:image\/svg+xml;base64,PHN2ZyB3aWR0aD0iMSIgaGVpZ2h0PSIxIiB4bWxucz0iaHR0cDovL3d3dy53My5vcmcvMjAwMC9zdmciPjwvc3ZnPg==\" class=\"lazyload\" style=\"--smush-placeholder-width: 500px; --smush-placeholder-aspect-ratio: 500\/505;\" \/><\/a>\n<\/div><div id=\"panel-w5e611f3c37c62-1-1-1\" class=\"so-panel widget widget_themegrill_flash_heading tg-widget section-title-wrapper panel-last-child\" data-index=\"1\" ><div class=\"flash_inherit_color panel-widget-style panel-widget-style-for-w5e611f3c37c62-1-1-1\" >\t<h3 class=\"section-title\">ENVIRONMENTAL ENGINEERING<\/h3>\n<\/div><\/div><\/div><div id=\"pgc-w5e611f3c37c62-1-2\"  class=\"panel-grid-cell panel-grid-cell-empty\" ><\/div><\/div><div id=\"pg-w5e611f3c37c62-2\"  class=\"panel-grid panel-has-style\" ><div class=\"panel-row-style panel-row-style-for-w5e611f3c37c62-2\" ><div id=\"pgc-w5e611f3c37c62-2-0\"  class=\"panel-grid-cell panel-grid-cell-empty\" ><\/div><div id=\"pgc-w5e611f3c37c62-2-1\"  class=\"panel-grid-cell panel-grid-cell-mobile-last\" ><div id=\"panel-w5e611f3c37c62-2-1-0\" class=\"so-panel widget widget_text panel-first-child\" data-index=\"2\" ><div class=\"flash_inherit_color panel-widget-style panel-widget-style-for-w5e611f3c37c62-2-1-0\" >\t\t\t<div class=\"textwidget\"><p align=\"center\">\nWe are a company specialized in the Environmental Engineering sector, placing us at the forefront of national engineering. We have collaborated with the main national construction companies in works and projects, both nationally and internationally.<\/p>\n<p align=\"center\">We are experts in the drafting of projects related to the integral water cycle as well as the treatment of urban solid waste generated by human action.<\/p><\/div>\n\t\t<\/div><\/div><div id=\"panel-w5e611f3c37c62-2-1-1\" class=\"so-panel widget widget_themegrill_flash_cta tg-widget call-to-action-section panel-last-child\" data-index=\"3\" ><div class=\"cta-wrapper call-to-action-section-layout-1\">\n\t<div class=\"section-title-wrapper\">\n\t\t\t<\/div>\n\t\t<div class=\"btn-wrapper\">\n\t\t\t\t<a class=\"btn\" href=\"https:\/\/pysamedioambiente.com\/contacto\/\">Contact<\/a>\n\t\t\t\t\t<\/div>\n\t<\/div>\n<\/div><\/div><div id=\"pgc-w5e611f3c37c62-2-2\"  class=\"panel-grid-cell panel-grid-cell-empty\" ><\/div><\/div><\/div><div id=\"pg-w5e611f3c37c62-3\"  class=\"panel-grid panel-has-style\" ><div class=\"panel-row-style panel-row-style-for-w5e611f3c37c62-3\" ><div id=\"pgc-w5e611f3c37c62-3-0\"  class=\"panel-grid-cell panel-grid-cell-empty\" ><\/div><\/div><\/div><\/div><\/div><\/div><\/div><\/div><div id=\"pg-1100-1\"  class=\"panel-grid panel-has-style\" ><div class=\"siteorigin-panels-stretch panel-row-style panel-row-style-for-1100-1\" data-stretch-type=\"full\" ><div id=\"pgc-1100-1-0\"  class=\"panel-grid-cell\" ><div id=\"panel-1100-1-0-0\" class=\"so-panel widget widget_text panel-first-child panel-last-child\" data-index=\"1\" ><div class=\"flash_inherit_color panel-widget-style panel-widget-style-for-1100-1-0-0\" ><h3 class=\"widget-title\">Why choose us?<\/h3>\t\t\t<div class=\"textwidget\"><p>We are a reference company in the environmental sector. It is demonstrated by the most of 450 projects we have carried out since 1996<\/p>\n<\/div>\n\t\t<\/div><\/div><\/div><div id=\"pgc-1100-1-1\"  class=\"panel-grid-cell\" ><div id=\"panel-1100-1-1-0\" class=\"so-panel widget widget_themegrill_flash_counter tg-widget tg-single-counter panel-first-child panel-last-child\" data-index=\"2\" ><div class=\"flash_inherit_color panel-widget-style panel-widget-style-for-1100-1-1-0\" ><div class=\"fun-facts-section\">\n\t<div class=\"tg-fun-facts-widget tg-fun-facts-layout-2\">\n\t\t<div class=\"fun-facts-wrapper\">\n\t\t\t\t\t\t\t\t\t<span class=\"counter-wrapper\"><span class=\"counter\">300<\/span><i class=\"fa fa-plus\"><\/i><\/span>\n\t\t\t\t\t\t\t\t\t<h3 class=\"fun-facts-title-wrap\">WWTP<\/h3>\n\t\t\t\t\t<\/div>\n\t<\/div>\n<\/div>\n<\/div><\/div><\/div><div id=\"pgc-1100-1-2\"  class=\"panel-grid-cell\" ><div id=\"panel-1100-1-2-0\" class=\"so-panel widget widget_themegrill_flash_counter tg-widget tg-single-counter panel-first-child panel-last-child\" data-index=\"3\" ><div class=\"flash_inherit_color panel-widget-style panel-widget-style-for-1100-1-2-0\" ><div class=\"fun-facts-section\">\n\t<div class=\"tg-fun-facts-widget tg-fun-facts-layout-2\">\n\t\t<div class=\"fun-facts-wrapper\">\n\t\t\t\t\t\t\t\t\t<span class=\"counter-wrapper\"><span class=\"counter\">50<\/span><i class=\"fa fa-plus\"><\/i><\/span>\n\t\t\t\t\t\t\t\t\t<h3 class=\"fun-facts-title-wrap\">DWTP<\/h3>\n\t\t\t\t\t<\/div>\n\t<\/div>\n<\/div>\n<\/div><\/div><\/div><div id=\"pgc-1100-1-3\"  class=\"panel-grid-cell\" ><div id=\"panel-1100-1-3-0\" class=\"so-panel widget widget_themegrill_flash_counter tg-widget tg-single-counter panel-first-child panel-last-child\" data-index=\"4\" ><div class=\"flash_inherit_color panel-widget-style panel-widget-style-for-1100-1-3-0\" ><div class=\"fun-facts-section\">\n\t<div class=\"tg-fun-facts-widget tg-fun-facts-layout-2\">\n\t\t<div class=\"fun-facts-wrapper\">\n\t\t\t\t\t\t\t\t\t<span class=\"counter-wrapper\"><span class=\"counter\">80<\/span><i class=\"fa fa-plus\"><\/i><\/span>\n\t\t\t\t\t\t\t\t\t<h3 class=\"fun-facts-title-wrap\">SWRO<\/h3>\n\t\t\t\t\t<\/div>\n\t<\/div>\n<\/div>\n<\/div><\/div><\/div><div id=\"pgc-1100-1-4\"  class=\"panel-grid-cell\" ><div id=\"panel-1100-1-4-0\" class=\"so-panel widget widget_themegrill_flash_counter tg-widget tg-single-counter panel-first-child panel-last-child\" data-index=\"5\" ><div class=\"flash_inherit_color panel-widget-style panel-widget-style-for-1100-1-4-0\" ><div class=\"fun-facts-section\">\n\t<div class=\"tg-fun-facts-widget tg-fun-facts-layout-2\">\n\t\t<div class=\"fun-facts-wrapper\">\n\t\t\t\t\t\t\t\t\t<span class=\"counter-wrapper\"><span class=\"counter\">80<\/span><i class=\"fa fa-plus\"><\/i><\/span>\n\t\t\t\t\t\t\t\t\t<h3 class=\"fun-facts-title-wrap\">Other Projects<\/h3>\n\t\t\t\t\t<\/div>\n\t<\/div>\n<\/div>\n<\/div><\/div><\/div><\/div><\/div><\/div>","protected":false},"excerpt":{"rendered":"<p>We are a reference company in the environmental sector. It is demonstrated by the most of 450 projects we have [&hellip;]<\/p>\n","protected":false},"author":1,"featured_media":0,"parent":0,"menu_order":0,"comment_status":"closed","ping_status":"closed","template":"page-templates\/pagebuilder.php","meta":{"_monsterinsights_skip_tracking":false,"_monsterinsights_sitenote_active":false,"_monsterinsights_sitenote_note":"","_monsterinsights_sitenote_category":0,"_uf_show_specific_survey":0,"_uf_disable_surveys":false,"footnotes":""},"class_list":["post-1100","page","type-page","status-publish","hentry"],"yoast_head":"<!-- This site is optimized with the Yoast SEO plugin v26.1.1 - https:\/\/yoast.com\/wordpress\/plugins\/seo\/ -->\n<title>PYSA - PYSA medioambiente<\/title>\n<meta name=\"description\" content=\"Somos una empresa especializada en el sector de la Ingenier\u00eda medioambiental, situ\u00e1ndonos a la vanguardia de las ingenier\u00edas nacionales. Hemos colaborado con las principales empresas constructoras nacionales en obras y proyectos, tanto a nivel nacional como a nivel internacional.\" \/>\n<meta name=\"robots\" content=\"index, follow, max-snippet:-1, max-image-preview:large, max-video-preview:-1\" \/>\n<link rel=\"canonical\" href=\"https:\/\/pysamedioambiente.com\/\" \/>\n<meta property=\"og:locale\" content=\"en_US\" \/>\n<meta property=\"og:type\" content=\"article\" \/>\n<meta property=\"og:title\" content=\"PYSA - PYSA medioambiente\" \/>\n<meta property=\"og:description\" content=\"Somos una empresa especializada en el sector de la Ingenier\u00eda medioambiental, situ\u00e1ndonos a la vanguardia de las ingenier\u00edas nacionales. Hemos colaborado con las principales empresas constructoras nacionales en obras y proyectos, tanto a nivel nacional como a nivel internacional.\" \/>\n<meta property=\"og:url\" content=\"https:\/\/pysamedioambiente.com\/\" \/>\n<meta property=\"og:site_name\" content=\"PYSA medioambiente\" \/>\n<meta property=\"article:modified_time\" content=\"2020-03-05T16:08:17+00:00\" \/>\n<meta name=\"twitter:card\" content=\"summary_large_image\" \/>\n<meta name=\"twitter:label1\" content=\"Est. reading time\" \/>\n\t<meta name=\"twitter:data1\" content=\"2 minutes\" \/>\n<script type=\"application\/ld+json\" class=\"yoast-schema-graph\">{\"@context\":\"https:\/\/schema.org\",\"@graph\":[{\"@type\":\"WebPage\",\"@id\":\"https:\/\/pysamedioambiente.com\/\",\"url\":\"https:\/\/pysamedioambiente.com\/\",\"name\":\"PYSA - PYSA medioambiente\",\"isPartOf\":{\"@id\":\"https:\/\/pysamedioambiente.com\/#website\"},\"datePublished\":\"2020-03-02T13:21:39+00:00\",\"dateModified\":\"2020-03-05T16:08:17+00:00\",\"description\":\"Somos una empresa especializada en el sector de la Ingenier\u00eda medioambiental, situ\u00e1ndonos a la vanguardia de las ingenier\u00edas nacionales. Hemos colaborado con las principales empresas constructoras nacionales en obras y proyectos, tanto a nivel nacional como a nivel internacional.\",\"breadcrumb\":{\"@id\":\"https:\/\/pysamedioambiente.com\/#breadcrumb\"},\"inLanguage\":\"en-US\",\"potentialAction\":[{\"@type\":\"ReadAction\",\"target\":[\"https:\/\/pysamedioambiente.com\/\"]}]},{\"@type\":\"BreadcrumbList\",\"@id\":\"https:\/\/pysamedioambiente.com\/#breadcrumb\",\"itemListElement\":[{\"@type\":\"ListItem\",\"position\":1,\"name\":\"Portada\",\"item\":\"https:\/\/pysamedioambiente.com\/\"},{\"@type\":\"ListItem\",\"position\":2,\"name\":\"PYSA\"}]},{\"@type\":\"WebSite\",\"@id\":\"https:\/\/pysamedioambiente.com\/#website\",\"url\":\"https:\/\/pysamedioambiente.com\/\",\"name\":\"PYSA medioambiente\",\"description\":\"Ingenier\u00eda medioambiental\",\"publisher\":{\"@id\":\"https:\/\/pysamedioambiente.com\/#organization\"},\"potentialAction\":[{\"@type\":\"SearchAction\",\"target\":{\"@type\":\"EntryPoint\",\"urlTemplate\":\"https:\/\/pysamedioambiente.com\/?s={search_term_string}\"},\"query-input\":{\"@type\":\"PropertyValueSpecification\",\"valueRequired\":true,\"valueName\":\"search_term_string\"}}],\"inLanguage\":\"en-US\"},{\"@type\":\"Organization\",\"@id\":\"https:\/\/pysamedioambiente.com\/#organization\",\"name\":\"PYSA medioambiente\",\"url\":\"https:\/\/pysamedioambiente.com\/\",\"logo\":{\"@type\":\"ImageObject\",\"inLanguage\":\"en-US\",\"@id\":\"https:\/\/pysamedioambiente.com\/#\/schema\/logo\/image\/\",\"url\":\"https:\/\/pysamedioambiente.com\/wp-content\/uploads\/2019\/07\/cropped-PysaSCL_LogoPT-1.png\",\"contentUrl\":\"https:\/\/pysamedioambiente.com\/wp-content\/uploads\/2019\/07\/cropped-PysaSCL_LogoPT-1.png\",\"width\":245,\"height\":76,\"caption\":\"PYSA medioambiente\"},\"image\":{\"@id\":\"https:\/\/pysamedioambiente.com\/#\/schema\/logo\/image\/\"},\"sameAs\":[\"https:\/\/www.linkedin.com\/company\/pysa-medioambiente\/\"]}]}<\/script>\n<!-- \/ Yoast SEO plugin. -->","yoast_head_json":{"title":"PYSA - PYSA medioambiente","description":"Somos una empresa especializada en el sector de la Ingenier\u00eda medioambiental, situ\u00e1ndonos a la vanguardia de las ingenier\u00edas nacionales. Hemos colaborado con las principales empresas constructoras nacionales en obras y proyectos, tanto a nivel nacional como a nivel internacional.","robots":{"index":"index","follow":"follow","max-snippet":"max-snippet:-1","max-image-preview":"max-image-preview:large","max-video-preview":"max-video-preview:-1"},"canonical":"https:\/\/pysamedioambiente.com\/","og_locale":"en_US","og_type":"article","og_title":"PYSA - PYSA medioambiente","og_description":"Somos una empresa especializada en el sector de la Ingenier\u00eda medioambiental, situ\u00e1ndonos a la vanguardia de las ingenier\u00edas nacionales. Hemos colaborado con las principales empresas constructoras nacionales en obras y proyectos, tanto a nivel nacional como a nivel internacional.","og_url":"https:\/\/pysamedioambiente.com\/","og_site_name":"PYSA medioambiente","article_modified_time":"2020-03-05T16:08:17+00:00","twitter_card":"summary_large_image","twitter_misc":{"Est. reading time":"2 minutes"},"schema":{"@context":"https:\/\/schema.org","@graph":[{"@type":"WebPage","@id":"https:\/\/pysamedioambiente.com\/","url":"https:\/\/pysamedioambiente.com\/","name":"PYSA - PYSA medioambiente","isPartOf":{"@id":"https:\/\/pysamedioambiente.com\/#website"},"datePublished":"2020-03-02T13:21:39+00:00","dateModified":"2020-03-05T16:08:17+00:00","description":"Somos una empresa especializada en el sector de la Ingenier\u00eda medioambiental, situ\u00e1ndonos a la vanguardia de las ingenier\u00edas nacionales. Hemos colaborado con las principales empresas constructoras nacionales en obras y proyectos, tanto a nivel nacional como a nivel internacional.","breadcrumb":{"@id":"https:\/\/pysamedioambiente.com\/#breadcrumb"},"inLanguage":"en-US","potentialAction":[{"@type":"ReadAction","target":["https:\/\/pysamedioambiente.com\/"]}]},{"@type":"BreadcrumbList","@id":"https:\/\/pysamedioambiente.com\/#breadcrumb","itemListElement":[{"@type":"ListItem","position":1,"name":"Portada","item":"https:\/\/pysamedioambiente.com\/"},{"@type":"ListItem","position":2,"name":"PYSA"}]},{"@type":"WebSite","@id":"https:\/\/pysamedioambiente.com\/#website","url":"https:\/\/pysamedioambiente.com\/","name":"PYSA medioambiente","description":"Ingenier\u00eda medioambiental","publisher":{"@id":"https:\/\/pysamedioambiente.com\/#organization"},"potentialAction":[{"@type":"SearchAction","target":{"@type":"EntryPoint","urlTemplate":"https:\/\/pysamedioambiente.com\/?s={search_term_string}"},"query-input":{"@type":"PropertyValueSpecification","valueRequired":true,"valueName":"search_term_string"}}],"inLanguage":"en-US"},{"@type":"Organization","@id":"https:\/\/pysamedioambiente.com\/#organization","name":"PYSA medioambiente","url":"https:\/\/pysamedioambiente.com\/","logo":{"@type":"ImageObject","inLanguage":"en-US","@id":"https:\/\/pysamedioambiente.com\/#\/schema\/logo\/image\/","url":"https:\/\/pysamedioambiente.com\/wp-content\/uploads\/2019\/07\/cropped-PysaSCL_LogoPT-1.png","contentUrl":"https:\/\/pysamedioambiente.com\/wp-content\/uploads\/2019\/07\/cropped-PysaSCL_LogoPT-1.png","width":245,"height":76,"caption":"PYSA medioambiente"},"image":{"@id":"https:\/\/pysamedioambiente.com\/#\/schema\/logo\/image\/"},"sameAs":["https:\/\/www.linkedin.com\/company\/pysa-medioambiente\/"]}]}},"_links":{"self":[{"href":"https:\/\/pysamedioambiente.com\/en\/wp-json\/wp\/v2\/pages\/1100","targetHints":{"allow":["GET"]}}],"collection":[{"href":"https:\/\/pysamedioambiente.com\/en\/wp-json\/wp\/v2\/pages"}],"about":[{"href":"https:\/\/pysamedioambiente.com\/en\/wp-json\/wp\/v2\/types\/page"}],"author":[{"embeddable":true,"href":"https:\/\/pysamedioambiente.com\/en\/wp-json\/wp\/v2\/users\/1"}],"replies":[{"embeddable":true,"href":"https:\/\/pysamedioambiente.com\/en\/wp-json\/wp\/v2\/comments?post=1100"}],"version-history":[{"count":0,"href":"https:\/\/pysamedioambiente.com\/en\/wp-json\/wp\/v2\/pages\/1100\/revisions"}],"wp:attachment":[{"href":"https:\/\/pysamedioambiente.com\/en\/wp-json\/wp\/v2\/media?parent=1100"}],"curies":[{"name":"wp","href":"https:\/\/api.w.org\/{rel}","templated":true}]}}